{"id":5291,"date":"2024-02-27T10:40:57","date_gmt":"2024-02-27T10:40:57","guid":{"rendered":"https:\/\/v-up-solutions.com\/?page_id=5291"},"modified":"2024-04-15T09:39:48","modified_gmt":"2024-04-15T09:39:48","slug":"gestion-du-transport-du-personnel-eemployee-transportation","status":"publish","type":"page","link":"https:\/\/v-up-solutions.com\/index.php\/gestion-du-transport-du-personnel-eemployee-transportation\/","title":{"rendered":"Gestion du Transport du Personnel : E\u2013EMPLoYEE TRANSPoRTATION"},"content":{"rendered":"\t\t<div data-elementor-type=\"wp-page\" data-elementor-id=\"5291\" class=\"elementor elementor-5291\">\n\t\t\t\t\t\t<section class=\"elementor-section elementor-top-section elementor-element elementor-element-967fe3b ot-traditional elementor-section-boxed elementor-section-height-default elementor-section-height-default\" data-id=\"967fe3b\" data-element_type=\"section\">\n\t\t\t\t\t\t<div class=\"elementor-container elementor-column-gap-extended\">\n\t\t\t\t\t<div class=\"elementor-column elementor-col-50 elementor-top-column elementor-element elementor-element-d8a0390 ot-flex-column-vertical\" data-id=\"d8a0390\" data-element_type=\"column\">\n\t\t\t<div class=\"elementor-widget-wrap elementor-element-populated\">\n\t\t\t\t\t\t<div class=\"elementor-element elementor-element-148004b elementor-widget elementor-widget-iservice_box\" data-id=\"148004b\" data-element_type=\"widget\" data-widget_type=\"iservice_box.default\">\n\t\t\t\t<div class=\"elementor-widget-container\">\n\t\t\t\r\n\t\t<div class=\"service-box s-box\">\r\n\t\t\t<span class=\"big-number\"><\/span>\r\n\t\t\t<div class=\"icon-main\">\r\n\t\t        \t\t\t    \t\t        <span class=\"flaticon-correct\"><\/span>\t        <\/div>\r\n\t        <div class=\"content-box\">\r\n\t            <h5>Gestion du Transport du Personnel : E\u2013EMPLoYEE TRANSPoRTATION<\/h5>\r\n\t            <p><\/p>\r\n\t        <\/div>\r\n\t    <\/div>\r\n\r\n\t    \t\t<\/div>\n\t\t\t\t<\/div>\n\t\t\t\t<div class=\"elementor-element elementor-element-9d9772a elementor-widget elementor-widget-text-editor\" data-id=\"9d9772a\" data-element_type=\"widget\" data-widget_type=\"text-editor.default\">\n\t\t\t\t<div class=\"elementor-widget-container\">\n\t\t\t<style>\/*! elementor - v3.20.0 - 10-04-2024 *\/\n.elementor-widget-text-editor.elementor-drop-cap-view-stacked .elementor-drop-cap{background-color:#69727d;color:#fff}.elementor-widget-text-editor.elementor-drop-cap-view-framed .elementor-drop-cap{color:#69727d;border:3px solid;background-color:transparent}.elementor-widget-text-editor:not(.elementor-drop-cap-view-default) .elementor-drop-cap{margin-top:8px}.elementor-widget-text-editor:not(.elementor-drop-cap-view-default) .elementor-drop-cap-letter{width:1em;height:1em}.elementor-widget-text-editor .elementor-drop-cap{float:left;text-align:center;line-height:1;font-size:50px}.elementor-widget-text-editor .elementor-drop-cap-letter{display:inline-block}<\/style>\t\t\t\t<p>Bienvenue dans la r\u00e9volution du transport du personnel avec E-EMPLoYEE TRANSPoRTATION de V-UP Solutions, l&#8217;application digitale qui transforme la gestion du transport d&#8217;entreprise. Avec une<br \/>approche innovante, notre application simplifie la planification des trajets, optimise les tourn\u00e9es, et offre une visibilit\u00e9 en temps r\u00e9el sur le d\u00e9roulement du transport du personnel.<br \/>E-EMPLoYEE TRANSPoRTATION \u00e9limine les tracas li\u00e9s \u00e0 la gestion manuelle des trajets en proposant et planifiant des tourn\u00e9es optimales. La planification prend en compte les diff\u00e9rentes rotations du personnel, assurant ainsi que chaque employ\u00e9 est pris en charge de mani\u00e8re efficace et ponctuelle.\u00a0<br \/>Notre application s&#8217;adapte en permanence, int\u00e9grant automatiquement les nouveaux employ\u00e9s tout en tenant compte des contraintes de capacit\u00e9 des moyens de transport.<br \/>La flexibilit\u00e9 est au c\u0153ur d&#8217;E-EMPLoYEE TRANSPoRTATION. Que ce soit en bus ou tout autre moyen de transport, l&#8217;application prend en consid\u00e9ration le nombre de places disponibles, garantissant une optimisation constante des ressources. Cela se traduit par des trajets plus efficaces, r\u00e9duisant les co\u00fbts et am\u00e9liorant l&#8217;exp\u00e9rience du personnel.<br \/>Suivre les retards n&#8217;a jamais \u00e9t\u00e9 aussi simple. E-EMPLoYEE TRANSPoRTATION offre une visibilit\u00e9 en temps r\u00e9el sur l&#8217;avancement de chaque tourn\u00e9e, permettant une r\u00e9action imm\u00e9diate en cas de probl\u00e8me. <br \/>La communication transparente avec les employ\u00e9s assure une exp\u00e9rience de transport fluide, renfor\u00e7ant ainsi la satisfaction et la productivit\u00e9.<br \/>Notre application ne se contente pas de simplifier la gestion du transport du personnel, elle la transforme en un processus agile, efficient et orient\u00e9 vers l&#8217;avenir. <br \/>Bienvenue chez V-UP Solutions, o\u00f9 E-EMPLoYEE TRANSPoRTATION red\u00e9finit la norme en mati\u00e8re de gestion du transport d&#8217;entreprise.<\/p>\t\t\t\t\t\t<\/div>\n\t\t\t\t<\/div>\n\t\t\t\t\t<\/div>\n\t\t<\/div>\n\t\t\t\t<div class=\"elementor-column elementor-col-50 elementor-top-column elementor-element elementor-element-b308627 ot-flex-column-vertical\" data-id=\"b308627\" data-element_type=\"column\">\n\t\t\t<div class=\"elementor-widget-wrap elementor-element-populated\">\n\t\t\t\t\t\t<div class=\"elementor-element elementor-element-b3f35f3 elementor-widget elementor-widget-iservice_box\" data-id=\"b3f35f3\" data-element_type=\"widget\" data-widget_type=\"iservice_box.default\">\n\t\t\t\t<div class=\"elementor-widget-container\">\n\t\t\t\r\n\t\t<div class=\"service-box s-box\">\r\n\t\t\t<span class=\"big-number\"><\/span>\r\n\t\t\t<div class=\"icon-main\">\r\n\t\t        \t\t\t    \t\t        <span class=\"flaticon-correct\"><\/span>\t        <\/div>\r\n\t        <div class=\"content-box\">\r\n\t            <h5>E-EMPLoYEE TRANSPoRTATION Permet de:<\/h5>\r\n\t            <p><\/p>\r\n\t        <\/div>\r\n\t    <\/div>\r\n\r\n\t    \t\t<\/div>\n\t\t\t\t<\/div>\n\t\t\t\t<div class=\"elementor-element elementor-element-acf0995 elementor-widget elementor-widget-text-editor\" data-id=\"acf0995\" data-element_type=\"widget\" data-widget_type=\"text-editor.default\">\n\t\t\t\t<div class=\"elementor-widget-container\">\n\t\t\t\t\t\t\t<p>\u2022 Planifier les trajets et les tourn\u00e9es.<br \/>\u2022 Offrir une visibilit\u00e9 en temps r\u00e9el sur le d\u00e9roulement du transport du personnel.<br \/>\u2022 Suivre les retards des tourn\u00e9es.<\/p>\t\t\t\t\t\t<\/div>\n\t\t\t\t<\/div>\n\t\t\t\t\t<\/div>\n\t\t<\/div>\n\t\t\t\t\t<\/div>\n\t\t<\/section>\n\t\t\t\t<section class=\"elementor-section elementor-top-section elementor-element elementor-element-f9ee9aa ot-traditional elementor-section-boxed elementor-section-height-default elementor-section-height-default\" data-id=\"f9ee9aa\" data-element_type=\"section\" data-settings=\"{&quot;background_background&quot;:&quot;classic&quot;}\">\n\t\t\t\t\t\t<div class=\"elementor-container elementor-column-gap-default\">\n\t\t\t\t\t<div class=\"elementor-column elementor-col-100 elementor-top-column elementor-element elementor-element-3c652f0 ot-flex-column-vertical\" data-id=\"3c652f0\" data-element_type=\"column\">\n\t\t\t<div class=\"elementor-widget-wrap elementor-element-populated\">\n\t\t\t\t\t\t<div class=\"elementor-element elementor-element-44cf330 elementor-widget elementor-widget-heading\" data-id=\"44cf330\" data-element_type=\"widget\" data-widget_type=\"heading.default\">\n\t\t\t\t<div class=\"elementor-widget-container\">\n\t\t\t<style>\/*! elementor - v3.20.0 - 10-04-2024 *\/\n.elementor-heading-title{padding:0;margin:0;line-height:1}.elementor-widget-heading .elementor-heading-title[class*=elementor-size-]>a{color:inherit;font-size:inherit;line-height:inherit}.elementor-widget-heading .elementor-heading-title.elementor-size-small{font-size:15px}.elementor-widget-heading .elementor-heading-title.elementor-size-medium{font-size:19px}.elementor-widget-heading .elementor-heading-title.elementor-size-large{font-size:29px}.elementor-widget-heading .elementor-heading-title.elementor-size-xl{font-size:39px}.elementor-widget-heading .elementor-heading-title.elementor-size-xxl{font-size:59px}<\/style><p class=\"elementor-heading-title elementor-size-default\">Votre transformation commence ici. Bienvenue chez <\/p>\t\t<\/div>\n\t\t\t\t<\/div>\n\t\t\t\t<div class=\"elementor-element elementor-element-bc9d898 elementor-widget elementor-widget-heading\" data-id=\"bc9d898\" data-element_type=\"widget\" data-widget_type=\"heading.default\">\n\t\t\t\t<div class=\"elementor-widget-container\">\n\t\t\t<h2 class=\"elementor-heading-title elementor-size-default\">V-UP Solutions<\/h2>\t\t<\/div>\n\t\t\t\t<\/div>\n\t\t\t\t<div class=\"elementor-element elementor-element-6576593 elementor-align-center elementor-widget elementor-widget-ibutton\" data-id=\"6576593\" data-element_type=\"widget\" data-widget_type=\"ibutton.default\">\n\t\t\t\t<div class=\"elementor-widget-container\">\n\t\t\t\t\t<div class=\"ot-button\">\r\n\t\t\t<a href=\"https:\/\/v-up-solutions.com\/index.php\/contacts\/\" class=\"octf-btn octf-btn-primary\">Contactez nous<\/a>\r\n\t    <\/div>\r\n\t    \t\t<\/div>\n\t\t\t\t<\/div>\n\t\t\t\t\t<\/div>\n\t\t<\/div>\n\t\t\t\t\t<\/div>\n\t\t<\/section>\n\t\t\t\t<\/div>\n\t\t","protected":false},"excerpt":{"rendered":"<p>Gestion du Transport du Personnel : E\u2013EMPLoYEE TRANSPoRTATION Bienvenue dans la r\u00e9volution du transport du personnel avec E-EMPLoYEE TRANSPoRTATION de V-UP Solutions, l&#8217;application digitale qui transforme la gestion du transport d&#8217;entreprise. Avec uneapproche innovante, notre application simplifie la planification des trajets, optimise les tourn\u00e9es, et offre une visibilit\u00e9 en temps r\u00e9el sur le d\u00e9roulement du [&hellip;]<\/p>\n","protected":false},"author":1,"featured_media":0,"parent":0,"menu_order":0,"comment_status":"closed","ping_status":"closed","template":"","meta":{"footnotes":""},"_links":{"self":[{"href":"https:\/\/v-up-solutions.com\/index.php\/wp-json\/wp\/v2\/pages\/5291"}],"collection":[{"href":"https:\/\/v-up-solutions.com\/index.php\/wp-json\/wp\/v2\/pages"}],"about":[{"href":"https:\/\/v-up-solutions.com\/index.php\/wp-json\/wp\/v2\/types\/page"}],"author":[{"embeddable":true,"href":"https:\/\/v-up-solutions.com\/index.php\/wp-json\/wp\/v2\/users\/1"}],"replies":[{"embeddable":true,"href":"https:\/\/v-up-solutions.com\/index.php\/wp-json\/wp\/v2\/comments?post=5291"}],"version-history":[{"count":22,"href":"https:\/\/v-up-solutions.com\/index.php\/wp-json\/wp\/v2\/pages\/5291\/revisions"}],"predecessor-version":[{"id":5626,"href":"https:\/\/v-up-solutions.com\/index.php\/wp-json\/wp\/v2\/pages\/5291\/revisions\/5626"}],"wp:attachment":[{"href":"https:\/\/v-up-solutions.com\/index.php\/wp-json\/wp\/v2\/media?parent=5291"}],"curies":[{"name":"wp","href":"https:\/\/api.w.org\/{rel}","templated":true}]}}