{"id":5281,"date":"2024-02-27T10:33:07","date_gmt":"2024-02-27T10:33:07","guid":{"rendered":"https:\/\/v-up-solutions.com\/?page_id=5281"},"modified":"2024-04-15T09:42:31","modified_gmt":"2024-04-15T09:42:31","slug":"gestion-des-amdec-plan-de-controle-erisk-process","status":"publish","type":"page","link":"https:\/\/v-up-solutions.com\/index.php\/gestion-des-amdec-plan-de-controle-erisk-process\/","title":{"rendered":"Gestion des AMDEC &amp; Plan de Contr\u00f4le : E\u2013RiSK PRoCESS"},"content":{"rendered":"\t\t<div data-elementor-type=\"wp-page\" data-elementor-id=\"5281\" class=\"elementor elementor-5281\">\n\t\t\t\t\t\t<section class=\"elementor-section elementor-top-section elementor-element elementor-element-2c52548 ot-traditional elementor-section-boxed elementor-section-height-default elementor-section-height-default\" data-id=\"2c52548\" data-element_type=\"section\">\n\t\t\t\t\t\t<div class=\"elementor-container elementor-column-gap-extended\">\n\t\t\t\t\t<div class=\"elementor-column elementor-col-50 elementor-top-column elementor-element elementor-element-9d5fa3b ot-flex-column-vertical\" data-id=\"9d5fa3b\" data-element_type=\"column\">\n\t\t\t<div class=\"elementor-widget-wrap elementor-element-populated\">\n\t\t\t\t\t\t<div class=\"elementor-element elementor-element-08fd957 elementor-widget elementor-widget-iservice_box\" data-id=\"08fd957\" data-element_type=\"widget\" data-widget_type=\"iservice_box.default\">\n\t\t\t\t<div class=\"elementor-widget-container\">\n\t\t\t\r\n\t\t<div class=\"service-box s-box\">\r\n\t\t\t<span class=\"big-number\"><\/span>\r\n\t\t\t<div class=\"icon-main\">\r\n\t\t        \t\t\t    \t\t        <span class=\"flaticon-correct\"><\/span>\t        <\/div>\r\n\t        <div class=\"content-box\">\r\n\t            <h5>Gestion des AMDEC & Plan de Contr\u00f4le : E\u2013RiSK PRoCESS<\/h5>\r\n\t            <p><\/p>\r\n\t        <\/div>\r\n\t    <\/div>\r\n\r\n\t    \t\t<\/div>\n\t\t\t\t<\/div>\n\t\t\t\t<div class=\"elementor-element elementor-element-f59d30c elementor-widget elementor-widget-text-editor\" data-id=\"f59d30c\" data-element_type=\"widget\" data-widget_type=\"text-editor.default\">\n\t\t\t\t<div class=\"elementor-widget-container\">\n\t\t\t<style>\/*! elementor - v3.20.0 - 10-04-2024 *\/\n.elementor-widget-text-editor.elementor-drop-cap-view-stacked .elementor-drop-cap{background-color:#69727d;color:#fff}.elementor-widget-text-editor.elementor-drop-cap-view-framed .elementor-drop-cap{color:#69727d;border:3px solid;background-color:transparent}.elementor-widget-text-editor:not(.elementor-drop-cap-view-default) .elementor-drop-cap{margin-top:8px}.elementor-widget-text-editor:not(.elementor-drop-cap-view-default) .elementor-drop-cap-letter{width:1em;height:1em}.elementor-widget-text-editor .elementor-drop-cap{float:left;text-align:center;line-height:1;font-size:50px}.elementor-widget-text-editor .elementor-drop-cap-letter{display:inline-block}<\/style>\t\t\t\t<p>Bienvenue dans l&#8217;univers s\u00e9curis\u00e9 de V-UP Solutions, o\u00f9 E-RiSK PRoCESS prend en charge la gestion dynamique des risques dans vos processus op\u00e9rationnels et \u00e9quipements de production. Notre application digitale r\u00e9volutionnaire, E-RiSK PRoCESS, red\u00e9finit la mani\u00e8re dont vous abordez la gestion des risques en automatisant et en optimisant chaque \u00e9tape du processus.<br \/>E-RiSK PRoCESS simplifie et digitalise l&#8217;\u00e9laboration des AMDEC pour vos processus et \u00e9quipements.<br \/>La collecte de donn\u00e9es, l&#8217;analyse des modes de d\u00e9faillance, de leurs effets et de leur criticit\u00e9 deviennent un jeu d&#8217;enfant gr\u00e2ce \u00e0 notre interface intuitive. Visualisez instantan\u00e9ment les risques potentiels, leur impact et leur criticit\u00e9, tout en garantissant une conformit\u00e9 totale avec les normes de s\u00e9curit\u00e9 les plus \u00e9lev\u00e9es.<br \/>La gestion des risques devient proactive avec E-RiSK PRoCESS. La plateforme facilite la d\u00e9finition et le suivi des plans d&#8217;action pour rem\u00e9dier aux risques critiques identifi\u00e9s. Soyez pr\u00eat \u00e0 anticiper, r\u00e9agir et att\u00e9nuer les risques avant qu&#8217;ils ne deviennent des probl\u00e8mes majeurs.<br \/>L&#8217;\u00e9laboration des plans de contr\u00f4le est une autre force d\u2019E-RiSK PRoCESS. D\u00e9finissez avec pr\u00e9cision les moyens de d\u00e9tection et de pr\u00e9vention des risques ou d\u00e9faillances. Cr\u00e9ez des proc\u00e9dures robustes qui garantissent une surveillance continue, permettant ainsi une r\u00e9action rapide en cas de d\u00e9viation.<br \/>La transparence est au c\u0153ur de notre approche. Avec E-RiSK PRoCESS, vous pouvez g\u00e9n\u00e9rer des rapports d\u00e9taill\u00e9s sur les risques, les plans d&#8217;action et les plans de contr\u00f4le en quelques clics. Soyez pr\u00eat \u00e0 d\u00e9montrer votre engagement envers la s\u00e9curit\u00e9 et la gestion des risques.<br \/>Explorez une nouvelle \u00e8re o\u00f9 la gestion des risques n&#8217;est plus une obligation, mais une opportunit\u00e9 d&#8217;optimisation. <br \/>Bienvenue chez V-UP Solutions, o\u00f9 E-RiSK PRoCESS transforme chaque d\u00e9fi en une chance de renforcer la robustesse de vos processus et \u00e9quipements.<\/p>\t\t\t\t\t\t<\/div>\n\t\t\t\t<\/div>\n\t\t\t\t\t<\/div>\n\t\t<\/div>\n\t\t\t\t<div class=\"elementor-column elementor-col-50 elementor-top-column elementor-element elementor-element-a29a04b ot-flex-column-vertical\" data-id=\"a29a04b\" data-element_type=\"column\">\n\t\t\t<div class=\"elementor-widget-wrap elementor-element-populated\">\n\t\t\t\t\t\t<div class=\"elementor-element elementor-element-cabe793 elementor-widget elementor-widget-iservice_box\" data-id=\"cabe793\" data-element_type=\"widget\" data-widget_type=\"iservice_box.default\">\n\t\t\t\t<div class=\"elementor-widget-container\">\n\t\t\t\r\n\t\t<div class=\"service-box s-box\">\r\n\t\t\t<span class=\"big-number\"><\/span>\r\n\t\t\t<div class=\"icon-main\">\r\n\t\t        \t\t\t    \t\t        <span class=\"flaticon-correct\"><\/span>\t        <\/div>\r\n\t        <div class=\"content-box\">\r\n\t            <h5>E-RiSK PRoCESS Permet de:<\/h5>\r\n\t            <p><\/p>\r\n\t        <\/div>\r\n\t    <\/div>\r\n\r\n\t    \t\t<\/div>\n\t\t\t\t<\/div>\n\t\t\t\t<div class=\"elementor-element elementor-element-1f4a16e elementor-widget elementor-widget-text-editor\" data-id=\"1f4a16e\" data-element_type=\"widget\" data-widget_type=\"text-editor.default\">\n\t\t\t\t<div class=\"elementor-widget-container\">\n\t\t\t\t\t\t\t<p>\u2022 Cr\u00e9er une plateforme ou une base de donn\u00e9es uniques pour g\u00e9rer les AMDEC et Plan de Contr\u00f4le des diff\u00e9rents processus de l\u2019entreprise.<br \/>\u2022 Garder la tra\u00e7abilit\u00e9 de la cr\u00e9ation des AMDEC et Plan de Contr\u00f4le \u00e0 la r\u00e9alisation des audits.<br \/>\u2022 G\u00e9rer les versions.<br \/>\u2022 G\u00e9rer et suivre les plans d\u2019actions.<\/p>\t\t\t\t\t\t<\/div>\n\t\t\t\t<\/div>\n\t\t\t\t\t<\/div>\n\t\t<\/div>\n\t\t\t\t\t<\/div>\n\t\t<\/section>\n\t\t\t\t<section class=\"elementor-section elementor-top-section elementor-element elementor-element-f9ee9aa ot-traditional elementor-section-boxed elementor-section-height-default elementor-section-height-default\" data-id=\"f9ee9aa\" data-element_type=\"section\" data-settings=\"{&quot;background_background&quot;:&quot;classic&quot;}\">\n\t\t\t\t\t\t<div class=\"elementor-container elementor-column-gap-default\">\n\t\t\t\t\t<div class=\"elementor-column elementor-col-100 elementor-top-column elementor-element elementor-element-3c652f0 ot-flex-column-vertical\" data-id=\"3c652f0\" data-element_type=\"column\">\n\t\t\t<div class=\"elementor-widget-wrap elementor-element-populated\">\n\t\t\t\t\t\t<div class=\"elementor-element elementor-element-44cf330 elementor-widget elementor-widget-heading\" data-id=\"44cf330\" data-element_type=\"widget\" data-widget_type=\"heading.default\">\n\t\t\t\t<div class=\"elementor-widget-container\">\n\t\t\t<style>\/*! elementor - v3.20.0 - 10-04-2024 *\/\n.elementor-heading-title{padding:0;margin:0;line-height:1}.elementor-widget-heading .elementor-heading-title[class*=elementor-size-]>a{color:inherit;font-size:inherit;line-height:inherit}.elementor-widget-heading .elementor-heading-title.elementor-size-small{font-size:15px}.elementor-widget-heading .elementor-heading-title.elementor-size-medium{font-size:19px}.elementor-widget-heading .elementor-heading-title.elementor-size-large{font-size:29px}.elementor-widget-heading .elementor-heading-title.elementor-size-xl{font-size:39px}.elementor-widget-heading .elementor-heading-title.elementor-size-xxl{font-size:59px}<\/style><p class=\"elementor-heading-title elementor-size-default\">Votre transformation commence ici. Bienvenue chez <\/p>\t\t<\/div>\n\t\t\t\t<\/div>\n\t\t\t\t<div class=\"elementor-element elementor-element-bc9d898 elementor-widget elementor-widget-heading\" data-id=\"bc9d898\" data-element_type=\"widget\" data-widget_type=\"heading.default\">\n\t\t\t\t<div class=\"elementor-widget-container\">\n\t\t\t<h2 class=\"elementor-heading-title elementor-size-default\">V-UP Solutions<\/h2>\t\t<\/div>\n\t\t\t\t<\/div>\n\t\t\t\t<div class=\"elementor-element elementor-element-6576593 elementor-align-center elementor-widget elementor-widget-ibutton\" data-id=\"6576593\" data-element_type=\"widget\" data-widget_type=\"ibutton.default\">\n\t\t\t\t<div class=\"elementor-widget-container\">\n\t\t\t\t\t<div class=\"ot-button\">\r\n\t\t\t<a href=\"https:\/\/v-up-solutions.com\/index.php\/contacts\/\" class=\"octf-btn octf-btn-primary\">Contactez nous<\/a>\r\n\t    <\/div>\r\n\t    \t\t<\/div>\n\t\t\t\t<\/div>\n\t\t\t\t\t<\/div>\n\t\t<\/div>\n\t\t\t\t\t<\/div>\n\t\t<\/section>\n\t\t\t\t<\/div>\n\t\t","protected":false},"excerpt":{"rendered":"<p>Gestion des AMDEC &#038; Plan de Contr\u00f4le : E\u2013RiSK PRoCESS Bienvenue dans l&#8217;univers s\u00e9curis\u00e9 de V-UP Solutions, o\u00f9 E-RiSK PRoCESS prend en charge la gestion dynamique des risques dans vos processus op\u00e9rationnels et \u00e9quipements de production. Notre application digitale r\u00e9volutionnaire, E-RiSK PRoCESS, red\u00e9finit la mani\u00e8re dont vous abordez la gestion des risques en automatisant et [&hellip;]<\/p>\n","protected":false},"author":1,"featured_media":0,"parent":0,"menu_order":0,"comment_status":"closed","ping_status":"closed","template":"","meta":{"footnotes":""},"_links":{"self":[{"href":"https:\/\/v-up-solutions.com\/index.php\/wp-json\/wp\/v2\/pages\/5281"}],"collection":[{"href":"https:\/\/v-up-solutions.com\/index.php\/wp-json\/wp\/v2\/pages"}],"about":[{"href":"https:\/\/v-up-solutions.com\/index.php\/wp-json\/wp\/v2\/types\/page"}],"author":[{"embeddable":true,"href":"https:\/\/v-up-solutions.com\/index.php\/wp-json\/wp\/v2\/users\/1"}],"replies":[{"embeddable":true,"href":"https:\/\/v-up-solutions.com\/index.php\/wp-json\/wp\/v2\/comments?post=5281"}],"version-history":[{"count":13,"href":"https:\/\/v-up-solutions.com\/index.php\/wp-json\/wp\/v2\/pages\/5281\/revisions"}],"predecessor-version":[{"id":5629,"href":"https:\/\/v-up-solutions.com\/index.php\/wp-json\/wp\/v2\/pages\/5281\/revisions\/5629"}],"wp:attachment":[{"href":"https:\/\/v-up-solutions.com\/index.php\/wp-json\/wp\/v2\/media?parent=5281"}],"curies":[{"name":"wp","href":"https:\/\/api.w.org\/{rel}","templated":true}]}}