{"id":5268,"date":"2024-02-27T10:27:22","date_gmt":"2024-02-27T10:27:22","guid":{"rendered":"https:\/\/v-up-solutions.com\/?page_id=5268"},"modified":"2024-04-15T09:44:02","modified_gmt":"2024-04-15T09:44:02","slug":"gestion-de-la-performance-des-equipements-eequipment-performance","status":"publish","type":"page","link":"https:\/\/v-up-solutions.com\/index.php\/gestion-de-la-performance-des-equipements-eequipment-performance\/","title":{"rendered":"Gestion de la Performance des Equipements : E\u2013EQUiPMENT PERFoRMANCE"},"content":{"rendered":"\t\t<div data-elementor-type=\"wp-page\" data-elementor-id=\"5268\" class=\"elementor elementor-5268\">\n\t\t\t\t\t\t<section class=\"elementor-section elementor-top-section elementor-element elementor-element-79de9d7 ot-traditional elementor-section-boxed elementor-section-height-default elementor-section-height-default\" data-id=\"79de9d7\" data-element_type=\"section\">\n\t\t\t\t\t\t<div class=\"elementor-container elementor-column-gap-extended\">\n\t\t\t\t\t<div class=\"elementor-column elementor-col-50 elementor-top-column elementor-element elementor-element-d23343e ot-flex-column-vertical\" data-id=\"d23343e\" data-element_type=\"column\">\n\t\t\t<div class=\"elementor-widget-wrap elementor-element-populated\">\n\t\t\t\t\t\t<div class=\"elementor-element elementor-element-dc3f98e elementor-widget elementor-widget-iservice_box\" data-id=\"dc3f98e\" data-element_type=\"widget\" data-widget_type=\"iservice_box.default\">\n\t\t\t\t<div class=\"elementor-widget-container\">\n\t\t\t\r\n\t\t<div class=\"service-box s-box\">\r\n\t\t\t<span class=\"big-number\"><\/span>\r\n\t\t\t<div class=\"icon-main\">\r\n\t\t        \t\t\t    \t\t        <span class=\"flaticon-correct\"><\/span>\t        <\/div>\r\n\t        <div class=\"content-box\">\r\n\t            <h5>Gestion de la Performance des Equipements :<br>E\u2013EQUiPMENT PERFoRMANCE<\/h5>\r\n\t            <p><\/p>\r\n\t        <\/div>\r\n\t    <\/div>\r\n\r\n\t    \t\t<\/div>\n\t\t\t\t<\/div>\n\t\t\t\t<div class=\"elementor-element elementor-element-2533905 elementor-widget elementor-widget-text-editor\" data-id=\"2533905\" data-element_type=\"widget\" data-widget_type=\"text-editor.default\">\n\t\t\t\t<div class=\"elementor-widget-container\">\n\t\t\t<style>\/*! elementor - v3.20.0 - 10-04-2024 *\/\n.elementor-widget-text-editor.elementor-drop-cap-view-stacked .elementor-drop-cap{background-color:#69727d;color:#fff}.elementor-widget-text-editor.elementor-drop-cap-view-framed .elementor-drop-cap{color:#69727d;border:3px solid;background-color:transparent}.elementor-widget-text-editor:not(.elementor-drop-cap-view-default) .elementor-drop-cap{margin-top:8px}.elementor-widget-text-editor:not(.elementor-drop-cap-view-default) .elementor-drop-cap-letter{width:1em;height:1em}.elementor-widget-text-editor .elementor-drop-cap{float:left;text-align:center;line-height:1;font-size:50px}.elementor-widget-text-editor .elementor-drop-cap-letter{display:inline-block}<\/style>\t\t\t\t<p>Plongez dans l&#8217;avenir de la gestion d&#8217;\u00e9quipements avec E-EQUiPMENT PERFoRMANCE, l&#8217;innovation digitale sign\u00e9e V-UP Solutions. Cette application r\u00e9volutionnaire red\u00e9finit la mani\u00e8re dont vous percevez, \u00e9valuez et optimisez l&#8217;exploitation de vos \u00e9quipements, cr\u00e9ant ainsi une passerelle vers une performance op\u00e9rationnelle in\u00e9gal\u00e9e.<br \/>E-EQUiPMENT PERFoRMANCE va bien au-del\u00e0 de la simple collecte des arr\u00eats des \u00e9quipements. Elle offre une vision d\u00e9taill\u00e9e des temps d&#8217;\u00e9tat de chaque \u00e9quipement, calculant avec pr\u00e9cision des indicateurs essentiels tels que le Taux de Rendement Global (TRG), le Taux de Rendement Synth\u00e9tique (TRS), le taux de disponibilit\u00e9, et bien d&#8217;autres encore. Avec une clart\u00e9 in\u00e9gal\u00e9e, vous pouvez maintenant comprendre instantan\u00e9ment comment chaque \u00e9quipement contribue \u00e0 l&#8217;efficacit\u00e9 globale de votre entreprise.<br \/>Mais ce n&#8217;est pas tout. E-EQUiPMENT PERFoRMANCE va au-del\u00e0 des chiffres en identifiant des niches d&#8217;am\u00e9lioration. Gr\u00e2ce \u00e0 une analyse approfondie, vous pouvez rep\u00e9rer les opportunit\u00e9s d&#8217;optimisation, maximisant ainsi le rendement de chaque actif. L&#8217;application devient votre partenaire strat\u00e9gique dans la recherche constante d&#8217;efficacit\u00e9 et de qualit\u00e9.<br \/>La communication est \u00e9galement au c\u0153ur de notre approche. E-EQUiPMENT PERFoRMANCE vous permet de partager instantan\u00e9ment des informations cruciales sur l&#8217;exploitation des \u00e9quipements, assurant une r\u00e9activit\u00e9 sans pr\u00e9c\u00e9dent. Que ce soit pour c\u00e9l\u00e9brer les succ\u00e8s, r\u00e9soudre rapidement les probl\u00e8mes ou informer sur les mises \u00e0 jour, chaque aspect de l&#8217;exploitation devient transparent et accessible.<br \/>Explorez un nouveau chapitre o\u00f9 la performance devient synonyme de compr\u00e9hension instantan\u00e9e, d&#8217;am\u00e9lioration continue et de communication proactive. <br \/>Bienvenue chez V-UP Solutions, o\u00f9 E-EQUiPMENT PERFoRMANCE ouvre la voie \u00e0 une exploitation d&#8217;\u00e9quipements plus intelligente et plus performante.<\/p>\t\t\t\t\t\t<\/div>\n\t\t\t\t<\/div>\n\t\t\t\t\t<\/div>\n\t\t<\/div>\n\t\t\t\t<div class=\"elementor-column elementor-col-50 elementor-top-column elementor-element elementor-element-dc41944 ot-flex-column-vertical\" data-id=\"dc41944\" data-element_type=\"column\">\n\t\t\t<div class=\"elementor-widget-wrap elementor-element-populated\">\n\t\t\t\t\t\t<div class=\"elementor-element elementor-element-a14382b elementor-widget elementor-widget-iservice_box\" data-id=\"a14382b\" data-element_type=\"widget\" data-widget_type=\"iservice_box.default\">\n\t\t\t\t<div class=\"elementor-widget-container\">\n\t\t\t\r\n\t\t<div class=\"service-box s-box\">\r\n\t\t\t<span class=\"big-number\"><\/span>\r\n\t\t\t<div class=\"icon-main\">\r\n\t\t        \t\t\t    \t\t        <span class=\"flaticon-correct\"><\/span>\t        <\/div>\r\n\t        <div class=\"content-box\">\r\n\t            <h5>E-EQUIPMENT PERFORMANCE Permet de :<\/h5>\r\n\t            <p><\/p>\r\n\t        <\/div>\r\n\t    <\/div>\r\n\r\n\t    \t\t<\/div>\n\t\t\t\t<\/div>\n\t\t\t\t<div class=\"elementor-element elementor-element-270b56b elementor-widget elementor-widget-text-editor\" data-id=\"270b56b\" data-element_type=\"widget\" data-widget_type=\"text-editor.default\">\n\t\t\t\t<div class=\"elementor-widget-container\">\n\t\t\t\t\t\t\t<p>\u2022 Collecter ou saisir les diff\u00e9rents types d\u2019arr\u00eats.<br \/>\u2022 Mesurer les temps d\u2019\u00e9tat d\u2019un \u00e9quipement.<br \/>\u2022 Calculer les indicateurs de performance.<br \/>\u2022 Communiquer d\u2019une mani\u00e8re instantan\u00e9e la performance de l\u2019\u00e9quipement.<\/p>\t\t\t\t\t\t<\/div>\n\t\t\t\t<\/div>\n\t\t\t\t\t<\/div>\n\t\t<\/div>\n\t\t\t\t\t<\/div>\n\t\t<\/section>\n\t\t\t\t<section class=\"elementor-section elementor-top-section elementor-element elementor-element-f9ee9aa ot-traditional elementor-section-boxed elementor-section-height-default elementor-section-height-default\" data-id=\"f9ee9aa\" data-element_type=\"section\" data-settings=\"{&quot;background_background&quot;:&quot;classic&quot;}\">\n\t\t\t\t\t\t<div class=\"elementor-container elementor-column-gap-default\">\n\t\t\t\t\t<div class=\"elementor-column elementor-col-100 elementor-top-column elementor-element elementor-element-3c652f0 ot-flex-column-vertical\" data-id=\"3c652f0\" data-element_type=\"column\">\n\t\t\t<div class=\"elementor-widget-wrap elementor-element-populated\">\n\t\t\t\t\t\t<div class=\"elementor-element elementor-element-44cf330 elementor-widget elementor-widget-heading\" data-id=\"44cf330\" data-element_type=\"widget\" data-widget_type=\"heading.default\">\n\t\t\t\t<div class=\"elementor-widget-container\">\n\t\t\t<style>\/*! elementor - v3.20.0 - 10-04-2024 *\/\n.elementor-heading-title{padding:0;margin:0;line-height:1}.elementor-widget-heading .elementor-heading-title[class*=elementor-size-]>a{color:inherit;font-size:inherit;line-height:inherit}.elementor-widget-heading .elementor-heading-title.elementor-size-small{font-size:15px}.elementor-widget-heading .elementor-heading-title.elementor-size-medium{font-size:19px}.elementor-widget-heading .elementor-heading-title.elementor-size-large{font-size:29px}.elementor-widget-heading .elementor-heading-title.elementor-size-xl{font-size:39px}.elementor-widget-heading .elementor-heading-title.elementor-size-xxl{font-size:59px}<\/style><p class=\"elementor-heading-title elementor-size-default\">Votre transformation commence ici. Bienvenue chez <\/p>\t\t<\/div>\n\t\t\t\t<\/div>\n\t\t\t\t<div class=\"elementor-element elementor-element-bc9d898 elementor-widget elementor-widget-heading\" data-id=\"bc9d898\" data-element_type=\"widget\" data-widget_type=\"heading.default\">\n\t\t\t\t<div class=\"elementor-widget-container\">\n\t\t\t<h2 class=\"elementor-heading-title elementor-size-default\">V-UP Solutions<\/h2>\t\t<\/div>\n\t\t\t\t<\/div>\n\t\t\t\t<div class=\"elementor-element elementor-element-6576593 elementor-align-center elementor-widget elementor-widget-ibutton\" data-id=\"6576593\" data-element_type=\"widget\" data-widget_type=\"ibutton.default\">\n\t\t\t\t<div class=\"elementor-widget-container\">\n\t\t\t\t\t<div class=\"ot-button\">\r\n\t\t\t<a href=\"https:\/\/v-up-solutions.com\/index.php\/contacts\/\" class=\"octf-btn octf-btn-primary\">Contactez nous<\/a>\r\n\t    <\/div>\r\n\t    \t\t<\/div>\n\t\t\t\t<\/div>\n\t\t\t\t\t<\/div>\n\t\t<\/div>\n\t\t\t\t\t<\/div>\n\t\t<\/section>\n\t\t\t\t<\/div>\n\t\t","protected":false},"excerpt":{"rendered":"<p>Gestion de la Performance des Equipements :E\u2013EQUiPMENT PERFoRMANCE Plongez dans l&#8217;avenir de la gestion d&#8217;\u00e9quipements avec E-EQUiPMENT PERFoRMANCE, l&#8217;innovation digitale sign\u00e9e V-UP Solutions. Cette application r\u00e9volutionnaire red\u00e9finit la mani\u00e8re dont vous percevez, \u00e9valuez et optimisez l&#8217;exploitation de vos \u00e9quipements, cr\u00e9ant ainsi une passerelle vers une performance op\u00e9rationnelle in\u00e9gal\u00e9e.E-EQUiPMENT PERFoRMANCE va bien au-del\u00e0 de la simple [&hellip;]<\/p>\n","protected":false},"author":1,"featured_media":0,"parent":0,"menu_order":0,"comment_status":"closed","ping_status":"closed","template":"","meta":{"footnotes":""},"_links":{"self":[{"href":"https:\/\/v-up-solutions.com\/index.php\/wp-json\/wp\/v2\/pages\/5268"}],"collection":[{"href":"https:\/\/v-up-solutions.com\/index.php\/wp-json\/wp\/v2\/pages"}],"about":[{"href":"https:\/\/v-up-solutions.com\/index.php\/wp-json\/wp\/v2\/types\/page"}],"author":[{"embeddable":true,"href":"https:\/\/v-up-solutions.com\/index.php\/wp-json\/wp\/v2\/users\/1"}],"replies":[{"embeddable":true,"href":"https:\/\/v-up-solutions.com\/index.php\/wp-json\/wp\/v2\/comments?post=5268"}],"version-history":[{"count":28,"href":"https:\/\/v-up-solutions.com\/index.php\/wp-json\/wp\/v2\/pages\/5268\/revisions"}],"predecessor-version":[{"id":5632,"href":"https:\/\/v-up-solutions.com\/index.php\/wp-json\/wp\/v2\/pages\/5268\/revisions\/5632"}],"wp:attachment":[{"href":"https:\/\/v-up-solutions.com\/index.php\/wp-json\/wp\/v2\/media?parent=5268"}],"curies":[{"name":"wp","href":"https:\/\/api.w.org\/{rel}","templated":true}]}}