{"id":5258,"date":"2024-02-27T10:23:35","date_gmt":"2024-02-27T10:23:35","guid":{"rendered":"https:\/\/v-up-solutions.com\/?page_id=5258"},"modified":"2024-04-15T08:59:25","modified_gmt":"2024-04-15T08:59:25","slug":"gestion-des-competences-metiers-eskills","status":"publish","type":"page","link":"https:\/\/v-up-solutions.com\/index.php\/gestion-des-competences-metiers-eskills\/","title":{"rendered":"Gestion des Comp\u00e9tences Metiers : E\u2013SKiLLS"},"content":{"rendered":"\t\t<div data-elementor-type=\"wp-page\" data-elementor-id=\"5258\" class=\"elementor elementor-5258\">\n\t\t\t\t\t\t<section class=\"elementor-section elementor-top-section elementor-element elementor-element-c2683a6 ot-traditional elementor-section-boxed elementor-section-height-default elementor-section-height-default\" data-id=\"c2683a6\" data-element_type=\"section\">\n\t\t\t\t\t\t<div class=\"elementor-container elementor-column-gap-extended\">\n\t\t\t\t\t<div class=\"elementor-column elementor-col-50 elementor-top-column elementor-element elementor-element-c78c094 ot-flex-column-vertical\" data-id=\"c78c094\" data-element_type=\"column\">\n\t\t\t<div class=\"elementor-widget-wrap elementor-element-populated\">\n\t\t\t\t\t\t<div class=\"elementor-element elementor-element-30f5848 elementor-widget elementor-widget-iservice_box\" data-id=\"30f5848\" data-element_type=\"widget\" data-widget_type=\"iservice_box.default\">\n\t\t\t\t<div class=\"elementor-widget-container\">\n\t\t\t\r\n\t\t<div class=\"service-box s-box\">\r\n\t\t\t<span class=\"big-number\"><\/span>\r\n\t\t\t<div class=\"icon-main\">\r\n\t\t        \t\t\t    \t\t        <span class=\"flaticon-correct\"><\/span>\t        <\/div>\r\n\t        <div class=\"content-box\">\r\n\t            <h5>Gestion des Comp\u00e9tences Metiers : E\u2013SKiLLS<\/h5>\r\n\t            <p><\/p>\r\n\t        <\/div>\r\n\t    <\/div>\r\n\r\n\t    \t\t<\/div>\n\t\t\t\t<\/div>\n\t\t\t\t<div class=\"elementor-element elementor-element-15d7662 elementor-widget elementor-widget-text-editor\" data-id=\"15d7662\" data-element_type=\"widget\" data-widget_type=\"text-editor.default\">\n\t\t\t\t<div class=\"elementor-widget-container\">\n\t\t\t<style>\/*! elementor - v3.20.0 - 10-04-2024 *\/\n.elementor-widget-text-editor.elementor-drop-cap-view-stacked .elementor-drop-cap{background-color:#69727d;color:#fff}.elementor-widget-text-editor.elementor-drop-cap-view-framed .elementor-drop-cap{color:#69727d;border:3px solid;background-color:transparent}.elementor-widget-text-editor:not(.elementor-drop-cap-view-default) .elementor-drop-cap{margin-top:8px}.elementor-widget-text-editor:not(.elementor-drop-cap-view-default) .elementor-drop-cap-letter{width:1em;height:1em}.elementor-widget-text-editor .elementor-drop-cap{float:left;text-align:center;line-height:1;font-size:50px}.elementor-widget-text-editor .elementor-drop-cap-letter{display:inline-block}<\/style>\t\t\t\t<p>Bienvenue chez V-UP Solutions, l&#8217;architecte de votre succ\u00e8s professionnel dans l&#8217;\u00e8re num\u00e9rique !<br \/>Plongez dans l&#8217;avenir avec E-SKiLLS, notre application digitale innovante d\u00e9di\u00e9e \u00e0 la r\u00e9volution de la gestion du d\u00e9veloppement des comp\u00e9tences.<br \/>Chez V-UP Solutions, nous comprenons les d\u00e9fis uniques auxquels font face les professionnels des m\u00e9tiers op\u00e9rationnels tels que conducteur d&#8217;\u00e9quipement, op\u00e9rateur manuel, technicien de maintenance, expert en contr\u00f4le qualit\u00e9, et bien d&#8217;autres. C&#8217;est pourquoi nous avons cr\u00e9\u00e9 E-SKiLLS, une solution taill\u00e9e sur mesure pour digitaliser et optimiser vos processus de gestion du d\u00e9veloppement des comp\u00e9tences.<br \/>Immergez-vous dans une exp\u00e9rience o\u00f9 la formation devient intuitive, l&#8217;\u00e9valuation devient cibl\u00e9e et le d\u00e9veloppement professionnel devient synonyme de succ\u00e8s. Avec E-SKiLLS, vous d\u00e9tenez le pouvoir d&#8217;\u00e9laborer des plans de d\u00e9veloppement personnalis\u00e9s, d&#8217;explorer des modules de formation sp\u00e9cialis\u00e9s et de suivre la croissance de vos comp\u00e9tences en temps r\u00e9el.<br \/>Explorez notre plateforme digitale et d\u00e9couvrez comment V-UP Solutions red\u00e9finit le paysage du d\u00e9veloppement professionnel. Nous sommes l\u00e0 pour vous accompagner dans chaque \u00e9tape de votre parcours, en vous offrant les outils n\u00e9cessaires pour exceller dans votre m\u00e9tier.<br \/>Bienvenue dans une \u00e8re o\u00f9 la comp\u00e9tence rencontre la connectivit\u00e9, o\u00f9 chaque m\u00e9tier devient une opportunit\u00e9 de croissance, et o\u00f9 V-UP Solutions, avec E-SKiLLS, ouvre la porte \u00e0 un avenir professionnel plus prometteur.<br \/>Votre avenir commence maintenant. Bienvenue chez V-UP Solutions, o\u00f9 E-SKiLLS fait converger comp\u00e9tences et technologie.<\/p>\t\t\t\t\t\t<\/div>\n\t\t\t\t<\/div>\n\t\t\t\t\t<\/div>\n\t\t<\/div>\n\t\t\t\t<div class=\"elementor-column elementor-col-50 elementor-top-column elementor-element elementor-element-3685830 ot-flex-column-vertical\" data-id=\"3685830\" data-element_type=\"column\">\n\t\t\t<div class=\"elementor-widget-wrap elementor-element-populated\">\n\t\t\t\t\t\t<div class=\"elementor-element elementor-element-403e727 elementor-widget elementor-widget-iservice_box\" data-id=\"403e727\" data-element_type=\"widget\" data-widget_type=\"iservice_box.default\">\n\t\t\t\t<div class=\"elementor-widget-container\">\n\t\t\t\r\n\t\t<div class=\"service-box s-box\">\r\n\t\t\t<span class=\"big-number\"><\/span>\r\n\t\t\t<div class=\"icon-main\">\r\n\t\t        \t\t\t    \t\t        <span class=\"flaticon-correct\"><\/span>\t        <\/div>\r\n\t        <div class=\"content-box\">\r\n\t            <h5>E-SKILLS Permet de :<\/h5>\r\n\t            <p><\/p>\r\n\t        <\/div>\r\n\t    <\/div>\r\n\r\n\t    \t\t<\/div>\n\t\t\t\t<\/div>\n\t\t\t\t<div class=\"elementor-element elementor-element-b0ba08e elementor-widget elementor-widget-text-editor\" data-id=\"b0ba08e\" data-element_type=\"widget\" data-widget_type=\"text-editor.default\">\n\t\t\t\t<div class=\"elementor-widget-container\">\n\t\t\t\t\t\t\t<p>\u2022 G\u00e9rer et suivre les comp\u00e9tences des collaborateurs m\u00e9tiers.<br \/>\u2022 Dresser et suivre les plans de formations.<br \/>\u2022 Evaluer le niveau de maturit\u00e9 de chaque collaborateur.<br \/>\u2022 G\u00e9rer le processus de validation des acquis.<br \/>\u2022 Elaborer les tableaux de bord.<\/p>\t\t\t\t\t\t<\/div>\n\t\t\t\t<\/div>\n\t\t\t\t\t<\/div>\n\t\t<\/div>\n\t\t\t\t\t<\/div>\n\t\t<\/section>\n\t\t\t\t<section class=\"elementor-section elementor-top-section elementor-element elementor-element-f9ee9aa ot-traditional elementor-section-boxed elementor-section-height-default elementor-section-height-default\" data-id=\"f9ee9aa\" data-element_type=\"section\" data-settings=\"{&quot;background_background&quot;:&quot;classic&quot;}\">\n\t\t\t\t\t\t<div class=\"elementor-container elementor-column-gap-default\">\n\t\t\t\t\t<div class=\"elementor-column elementor-col-100 elementor-top-column elementor-element elementor-element-3c652f0 ot-flex-column-vertical\" data-id=\"3c652f0\" data-element_type=\"column\">\n\t\t\t<div class=\"elementor-widget-wrap elementor-element-populated\">\n\t\t\t\t\t\t<div class=\"elementor-element elementor-element-44cf330 elementor-widget elementor-widget-heading\" data-id=\"44cf330\" data-element_type=\"widget\" data-widget_type=\"heading.default\">\n\t\t\t\t<div class=\"elementor-widget-container\">\n\t\t\t<style>\/*! elementor - v3.20.0 - 10-04-2024 *\/\n.elementor-heading-title{padding:0;margin:0;line-height:1}.elementor-widget-heading .elementor-heading-title[class*=elementor-size-]>a{color:inherit;font-size:inherit;line-height:inherit}.elementor-widget-heading .elementor-heading-title.elementor-size-small{font-size:15px}.elementor-widget-heading .elementor-heading-title.elementor-size-medium{font-size:19px}.elementor-widget-heading .elementor-heading-title.elementor-size-large{font-size:29px}.elementor-widget-heading .elementor-heading-title.elementor-size-xl{font-size:39px}.elementor-widget-heading .elementor-heading-title.elementor-size-xxl{font-size:59px}<\/style><p class=\"elementor-heading-title elementor-size-default\">Votre transformation commence ici. Bienvenue chez <\/p>\t\t<\/div>\n\t\t\t\t<\/div>\n\t\t\t\t<div class=\"elementor-element elementor-element-bc9d898 elementor-widget elementor-widget-heading\" data-id=\"bc9d898\" data-element_type=\"widget\" data-widget_type=\"heading.default\">\n\t\t\t\t<div class=\"elementor-widget-container\">\n\t\t\t<h2 class=\"elementor-heading-title elementor-size-default\">V-UP Solutions<\/h2>\t\t<\/div>\n\t\t\t\t<\/div>\n\t\t\t\t<div class=\"elementor-element elementor-element-6576593 elementor-align-center elementor-widget elementor-widget-ibutton\" data-id=\"6576593\" data-element_type=\"widget\" data-widget_type=\"ibutton.default\">\n\t\t\t\t<div class=\"elementor-widget-container\">\n\t\t\t\t\t<div class=\"ot-button\">\r\n\t\t\t<a href=\"https:\/\/v-up-solutions.com\/index.php\/contacts\/\" class=\"octf-btn octf-btn-primary\">Contactez nous<\/a>\r\n\t    <\/div>\r\n\t    \t\t<\/div>\n\t\t\t\t<\/div>\n\t\t\t\t\t<\/div>\n\t\t<\/div>\n\t\t\t\t\t<\/div>\n\t\t<\/section>\n\t\t\t\t<\/div>\n\t\t","protected":false},"excerpt":{"rendered":"<p>Gestion des Comp\u00e9tences Metiers : E\u2013SKiLLS Bienvenue chez V-UP Solutions, l&#8217;architecte de votre succ\u00e8s professionnel dans l&#8217;\u00e8re num\u00e9rique !Plongez dans l&#8217;avenir avec E-SKiLLS, notre application digitale innovante d\u00e9di\u00e9e \u00e0 la r\u00e9volution de la gestion du d\u00e9veloppement des comp\u00e9tences.Chez V-UP Solutions, nous comprenons les d\u00e9fis uniques auxquels font face les professionnels des m\u00e9tiers op\u00e9rationnels tels que [&hellip;]<\/p>\n","protected":false},"author":1,"featured_media":0,"parent":0,"menu_order":0,"comment_status":"closed","ping_status":"closed","template":"","meta":{"footnotes":""},"_links":{"self":[{"href":"https:\/\/v-up-solutions.com\/index.php\/wp-json\/wp\/v2\/pages\/5258"}],"collection":[{"href":"https:\/\/v-up-solutions.com\/index.php\/wp-json\/wp\/v2\/pages"}],"about":[{"href":"https:\/\/v-up-solutions.com\/index.php\/wp-json\/wp\/v2\/types\/page"}],"author":[{"embeddable":true,"href":"https:\/\/v-up-solutions.com\/index.php\/wp-json\/wp\/v2\/users\/1"}],"replies":[{"embeddable":true,"href":"https:\/\/v-up-solutions.com\/index.php\/wp-json\/wp\/v2\/comments?post=5258"}],"version-history":[{"count":28,"href":"https:\/\/v-up-solutions.com\/index.php\/wp-json\/wp\/v2\/pages\/5258\/revisions"}],"predecessor-version":[{"id":5598,"href":"https:\/\/v-up-solutions.com\/index.php\/wp-json\/wp\/v2\/pages\/5258\/revisions\/5598"}],"wp:attachment":[{"href":"https:\/\/v-up-solutions.com\/index.php\/wp-json\/wp\/v2\/media?parent=5258"}],"curies":[{"name":"wp","href":"https:\/\/api.w.org\/{rel}","templated":true}]}}