{"id":5117,"date":"2024-02-08T19:30:32","date_gmt":"2024-02-08T19:30:32","guid":{"rendered":"https:\/\/v-up-solutions.com\/?page_id=5117"},"modified":"2024-02-08T19:56:36","modified_gmt":"2024-02-08T19:56:36","slug":"gestion-de-projet-transformation-digitale","status":"publish","type":"page","link":"https:\/\/v-up-solutions.com\/index.php\/gestion-de-projet-transformation-digitale\/","title":{"rendered":"Gestion de Projet Transformation Digitale"},"content":{"rendered":"\t\t<div data-elementor-type=\"wp-page\" data-elementor-id=\"5117\" class=\"elementor elementor-5117\">\n\t\t\t\t\t\t<section class=\"elementor-section elementor-top-section elementor-element elementor-element-f983331 elementor-section-content-middle ot-traditional elementor-section-boxed elementor-section-height-default elementor-section-height-default\" data-id=\"f983331\" data-element_type=\"section\">\n\t\t\t\t\t\t<div class=\"elementor-container elementor-column-gap-extended\">\n\t\t\t\t\t<div class=\"elementor-column elementor-col-50 elementor-top-column elementor-element elementor-element-fb1c096 ot-flex-column-vertical\" data-id=\"fb1c096\" data-element_type=\"column\">\n\t\t\t<div class=\"elementor-widget-wrap elementor-element-populated\">\n\t\t\t\t\t\t<div class=\"elementor-element elementor-element-ab8c75d elementor-widget elementor-widget-image\" data-id=\"ab8c75d\" data-element_type=\"widget\" data-widget_type=\"image.default\">\n\t\t\t\t<div class=\"elementor-widget-container\">\n\t\t\t<style>\/*! elementor - v3.20.0 - 10-04-2024 *\/\n.elementor-widget-image{text-align:center}.elementor-widget-image a{display:inline-block}.elementor-widget-image a img[src$=\".svg\"]{width:48px}.elementor-widget-image img{vertical-align:middle;display:inline-block}<\/style>\t\t\t\t\t\t\t\t\t\t<img fetchpriority=\"high\" decoding=\"async\" width=\"570\" height=\"542\" src=\"https:\/\/v-up-solutions.com\/wp-content\/uploads\/2020\/01\/pic1-service1.png\" class=\"attachment-full size-full wp-image-1587\" alt=\"\" \/>\t\t\t\t\t\t\t\t\t\t\t\t\t<\/div>\n\t\t\t\t<\/div>\n\t\t\t\t\t<\/div>\n\t\t<\/div>\n\t\t\t\t<div class=\"elementor-column elementor-col-50 elementor-top-column elementor-element elementor-element-8d40657 ot-flex-column-vertical\" data-id=\"8d40657\" data-element_type=\"column\">\n\t\t\t<div class=\"elementor-widget-wrap elementor-element-populated\">\n\t\t\t\t\t\t<div class=\"elementor-element elementor-element-b059e25 elementor-widget elementor-widget-iheading\" data-id=\"b059e25\" data-element_type=\"widget\" data-widget_type=\"iheading.default\">\n\t\t\t\t<div class=\"elementor-widget-container\">\n\t\t\t\t\t<div class=\"ot-heading\">\r\n\t        \t            <span>\/\/ Nos Produits \/ Services<\/span>\r\n\t        <h2 class=\"main-heading\">Gestion de Projet Transformation Digitale\n<\/h2>\t    <\/div>\r\n\t    \t\t<\/div>\n\t\t\t\t<\/div>\n\t\t\t\t<section class=\"elementor-section elementor-inner-section elementor-element elementor-element-5f1f08f elementor-section-full_width ot-traditional elementor-section-height-default elementor-section-height-default\" data-id=\"5f1f08f\" data-element_type=\"section\">\n\t\t\t\t\t\t<div class=\"elementor-container elementor-column-gap-extended\">\n\t\t\t\t\t<div class=\"elementor-column elementor-col-100 elementor-inner-column elementor-element elementor-element-4abda34 ot-flex-column-vertical\" data-id=\"4abda34\" data-element_type=\"column\">\n\t\t\t<div class=\"elementor-widget-wrap elementor-element-populated\">\n\t\t\t\t\t\t<div class=\"elementor-element elementor-element-88e9941 elementor-widget elementor-widget-text-editor\" data-id=\"88e9941\" data-element_type=\"widget\" data-widget_type=\"text-editor.default\">\n\t\t\t\t<div class=\"elementor-widget-container\">\n\t\t\t<style>\/*! elementor - v3.20.0 - 10-04-2024 *\/\n.elementor-widget-text-editor.elementor-drop-cap-view-stacked .elementor-drop-cap{background-color:#69727d;color:#fff}.elementor-widget-text-editor.elementor-drop-cap-view-framed .elementor-drop-cap{color:#69727d;border:3px solid;background-color:transparent}.elementor-widget-text-editor:not(.elementor-drop-cap-view-default) .elementor-drop-cap{margin-top:8px}.elementor-widget-text-editor:not(.elementor-drop-cap-view-default) .elementor-drop-cap-letter{width:1em;height:1em}.elementor-widget-text-editor .elementor-drop-cap{float:left;text-align:center;line-height:1;font-size:50px}.elementor-widget-text-editor .elementor-drop-cap-letter{display:inline-block}<\/style>\t\t\t\t<p>Bienvenue dans l&#8217;univers de la Gestion de Projet Transformation Digitale chez &lt;b&gt;V-UP Solutions&lt;\/b&gt;, o\u00f9 nous fa\u00e7onnons l&#8217;avenir de votre entreprise en orchestrant une <br \/>transformation digitale r\u00e9ussie. Notre service d\u00e9di\u00e9 est con\u00e7u pour \u00eatre votre partenaire strat\u00e9gique, accompagnant chaque \u00e9tape de votre parcours de <br \/>transformation<\/p>\t\t\t\t\t\t<\/div>\n\t\t\t\t<\/div>\n\t\t\t\t\t<\/div>\n\t\t<\/div>\n\t\t\t\t\t<\/div>\n\t\t<\/section>\n\t\t\t\t\t<\/div>\n\t\t<\/div>\n\t\t\t\t\t<\/div>\n\t\t<\/section>\n\t\t\t\t<section class=\"elementor-section elementor-top-section elementor-element elementor-element-c2683a6 ot-traditional elementor-section-boxed elementor-section-height-default elementor-section-height-default\" data-id=\"c2683a6\" data-element_type=\"section\">\n\t\t\t\t\t\t<div class=\"elementor-container elementor-column-gap-extended\">\n\t\t\t\t\t<div class=\"elementor-column elementor-col-33 elementor-top-column elementor-element elementor-element-c78c094 ot-flex-column-vertical\" data-id=\"c78c094\" data-element_type=\"column\">\n\t\t\t<div class=\"elementor-widget-wrap elementor-element-populated\">\n\t\t\t\t\t\t<div class=\"elementor-element elementor-element-30f5848 elementor-widget elementor-widget-iservice_box\" data-id=\"30f5848\" data-element_type=\"widget\" data-widget_type=\"iservice_box.default\">\n\t\t\t\t<div class=\"elementor-widget-container\">\n\t\t\t\r\n\t\t<div class=\"service-box s-box\">\r\n\t\t\t<span class=\"big-number\">01<\/span>\r\n\t\t\t<div class=\"icon-main\">\r\n\t\t        \t\t\t    \t\t        <span class=\"flaticon-correct\"><\/span>\t        <\/div>\r\n\t        <div class=\"content-box\">\r\n\t            <h5>Accompagnement Strat\u00e9gique<\/h5>\r\n\t            <p>Chez <b>V-UP Solutions<\/b>, nous comprenons que la r\u00e9ussite d'une transformation digitale repose sur une mise en \u0153uvre minutieuse de la strat\u00e9gie. Notre \u00e9quipe \nd'experts en gestion de projet est l\u00e0 pour accompagner la r\u00e9alisation de votre vision, en g\u00e9rant de mani\u00e8re efficace et efficiente chaque projet. De la planification \n\u00e0 l'ex\u00e9cution, nous sommes \u00e0 vos c\u00f4t\u00e9s pour maximiser les retomb\u00e9es positives de votre transformation.<\/p>\r\n\t        <\/div>\r\n\t    <\/div>\r\n\r\n\t    \t\t<\/div>\n\t\t\t\t<\/div>\n\t\t\t\t\t<\/div>\n\t\t<\/div>\n\t\t\t\t<div class=\"elementor-column elementor-col-33 elementor-top-column elementor-element elementor-element-3685830 ot-flex-column-vertical\" data-id=\"3685830\" data-element_type=\"column\">\n\t\t\t<div class=\"elementor-widget-wrap elementor-element-populated\">\n\t\t\t\t\t\t<div class=\"elementor-element elementor-element-403e727 elementor-widget elementor-widget-iservice_box\" data-id=\"403e727\" data-element_type=\"widget\" data-widget_type=\"iservice_box.default\">\n\t\t\t\t<div class=\"elementor-widget-container\">\n\t\t\t\r\n\t\t<div class=\"service-box s-box\">\r\n\t\t\t<span class=\"big-number\">02<\/span>\r\n\t\t\t<div class=\"icon-main\">\r\n\t\t        \t\t\t    \t\t        <span class=\"flaticon-correct\"><\/span>\t        <\/div>\r\n\t        <div class=\"content-box\">\r\n\t            <h5>Int\u00e9gration de Logiciels Tiers et Interfaces Personnalis\u00e9es<\/h5>\r\n\t            <p>La diversit\u00e9 des outils num\u00e9riques peut \u00eatre un atout majeur, mais leur int\u00e9gration peut \u00e9galement pr\u00e9senter des d\u00e9fis. Nous nous sp\u00e9cialisons dans l'int\u00e9gration \nharmonieuse de logiciels tiers, offrant une connectivit\u00e9 transparente entre vos syst\u00e8mes. De plus, notre \u00e9quipe d\u00e9veloppe des interfaces personnalis\u00e9es pour \nassurer une exp\u00e9rience utilisateur fluide et coh\u00e9rente \u00e0 travers toutes les plateformes.\n<\/p>\r\n\t        <\/div>\r\n\t    <\/div>\r\n\r\n\t    \t\t<\/div>\n\t\t\t\t<\/div>\n\t\t\t\t\t<\/div>\n\t\t<\/div>\n\t\t\t\t<div class=\"elementor-column elementor-col-33 elementor-top-column elementor-element elementor-element-d000ccb ot-flex-column-vertical\" data-id=\"d000ccb\" data-element_type=\"column\">\n\t\t\t<div class=\"elementor-widget-wrap elementor-element-populated\">\n\t\t\t\t\t\t<div class=\"elementor-element elementor-element-fa18db0 elementor-widget elementor-widget-iservice_box\" data-id=\"fa18db0\" data-element_type=\"widget\" data-widget_type=\"iservice_box.default\">\n\t\t\t\t<div class=\"elementor-widget-container\">\n\t\t\t\r\n\t\t<div class=\"service-box s-box\">\r\n\t\t\t<span class=\"big-number\">03<\/span>\r\n\t\t\t<div class=\"icon-main\">\r\n\t\t        \t\t\t    \t\t        <span class=\"flaticon-correct\"><\/span>\t        <\/div>\r\n\t        <div class=\"content-box\">\r\n\t            <h5>\u00c9valuation et S\u00e9lection de Logiciels Tiers<\/h5>\r\n\t            <p>Face \u00e0 la multitude de solutions logicielles disponibles, choisir celles qui r\u00e9pondent pr\u00e9cis\u00e9ment \u00e0 vos besoins peut \u00eatre une t\u00e2che ardue. Notre service inclut \nune \u00e9valuation approfondie des options disponibles sur le march\u00e9, suivie d'une s\u00e9lection m\u00e9ticuleuse des logiciels tiers les plus adapt\u00e9s \u00e0 votre entreprise. Nous \nnous assurons que chaque choix contribue de mani\u00e8re significative \u00e0 l'atteinte de vos objectifs de transformation.\nChez V-UP Solutions, la Gestion de Projet Transformation Digitale va au-del\u00e0 de la simple ex\u00e9cution technique. C'est une collaboration strat\u00e9gique visant \u00e0 \ntransformer votre vision en r\u00e9alit\u00e9 num\u00e9rique. Rejoignez-nous dans cette aventure o\u00f9 chaque projet que nous g\u00e9rons devient une pierre angulaire de votre \nsucc\u00e8s num\u00e9rique.\n<\/p>\r\n\t        <\/div>\r\n\t    <\/div>\r\n\r\n\t    \t\t<\/div>\n\t\t\t\t<\/div>\n\t\t\t\t\t<\/div>\n\t\t<\/div>\n\t\t\t\t\t<\/div>\n\t\t<\/section>\n\t\t\t\t<section class=\"elementor-section elementor-top-section elementor-element elementor-element-3df0785 ot-traditional elementor-section-boxed elementor-section-height-default elementor-section-height-default\" data-id=\"3df0785\" data-element_type=\"section\" data-settings=\"{&quot;background_background&quot;:&quot;classic&quot;}\">\n\t\t\t\t\t\t<div class=\"elementor-container elementor-column-gap-default\">\n\t\t\t\t\t<div class=\"elementor-column elementor-col-100 elementor-top-column elementor-element elementor-element-af12e78 ot-flex-column-vertical\" data-id=\"af12e78\" data-element_type=\"column\">\n\t\t\t<div class=\"elementor-widget-wrap elementor-element-populated\">\n\t\t\t\t\t\t<div class=\"elementor-element elementor-element-13883f0 elementor-widget elementor-widget-heading\" data-id=\"13883f0\" data-element_type=\"widget\" data-widget_type=\"heading.default\">\n\t\t\t\t<div class=\"elementor-widget-container\">\n\t\t\t<style>\/*! elementor - v3.20.0 - 10-04-2024 *\/\n.elementor-heading-title{padding:0;margin:0;line-height:1}.elementor-widget-heading .elementor-heading-title[class*=elementor-size-]>a{color:inherit;font-size:inherit;line-height:inherit}.elementor-widget-heading .elementor-heading-title.elementor-size-small{font-size:15px}.elementor-widget-heading .elementor-heading-title.elementor-size-medium{font-size:19px}.elementor-widget-heading .elementor-heading-title.elementor-size-large{font-size:29px}.elementor-widget-heading .elementor-heading-title.elementor-size-xl{font-size:39px}.elementor-widget-heading .elementor-heading-title.elementor-size-xxl{font-size:59px}<\/style><p class=\"elementor-heading-title elementor-size-default\">Votre transformation commence ici. Bienvenue chez <\/p>\t\t<\/div>\n\t\t\t\t<\/div>\n\t\t\t\t<div class=\"elementor-element elementor-element-7c240f8 elementor-widget elementor-widget-heading\" data-id=\"7c240f8\" data-element_type=\"widget\" data-widget_type=\"heading.default\">\n\t\t\t\t<div class=\"elementor-widget-container\">\n\t\t\t<h2 class=\"elementor-heading-title elementor-size-default\">V-UP Solutions<\/h2>\t\t<\/div>\n\t\t\t\t<\/div>\n\t\t\t\t<div class=\"elementor-element elementor-element-04c534d elementor-align-center elementor-widget elementor-widget-ibutton\" data-id=\"04c534d\" data-element_type=\"widget\" data-widget_type=\"ibutton.default\">\n\t\t\t\t<div class=\"elementor-widget-container\">\n\t\t\t\t\t<div class=\"ot-button\">\r\n\t\t\t<a href=\"https:\/\/v-up-solutions.com\/index.php\/contacts\/\" class=\"octf-btn octf-btn-primary\">Contactez nous<\/a>\r\n\t    <\/div>\r\n\t    \t\t<\/div>\n\t\t\t\t<\/div>\n\t\t\t\t\t<\/div>\n\t\t<\/div>\n\t\t\t\t\t<\/div>\n\t\t<\/section>\n\t\t<div class=\"elementor-element elementor-element-19bb42a e-flex e-con-boxed e-con e-parent\" data-id=\"19bb42a\" data-element_type=\"container\" data-core-v316-plus=\"true\">\n\t\t\t\t\t<div class=\"e-con-inner\">\n\t\t\t\t\t<\/div>\n\t\t\t\t<\/div>\n\t\t\t\t<\/div>\n\t\t","protected":false},"excerpt":{"rendered":"<p>\/\/ Nos Produits \/ Services Gestion de Projet Transformation Digitale Bienvenue dans l&#8217;univers de la Gestion de Projet Transformation Digitale chez &lt;b&gt;V-UP Solutions&lt;\/b&gt;, o\u00f9 nous fa\u00e7onnons l&#8217;avenir de votre entreprise en orchestrant une transformation digitale r\u00e9ussie. Notre service d\u00e9di\u00e9 est con\u00e7u pour \u00eatre votre partenaire strat\u00e9gique, accompagnant chaque \u00e9tape de votre parcours de transformation 01 [&hellip;]<\/p>\n","protected":false},"author":1,"featured_media":0,"parent":0,"menu_order":0,"comment_status":"closed","ping_status":"closed","template":"","meta":{"footnotes":""},"_links":{"self":[{"href":"https:\/\/v-up-solutions.com\/index.php\/wp-json\/wp\/v2\/pages\/5117"}],"collection":[{"href":"https:\/\/v-up-solutions.com\/index.php\/wp-json\/wp\/v2\/pages"}],"about":[{"href":"https:\/\/v-up-solutions.com\/index.php\/wp-json\/wp\/v2\/types\/page"}],"author":[{"embeddable":true,"href":"https:\/\/v-up-solutions.com\/index.php\/wp-json\/wp\/v2\/users\/1"}],"replies":[{"embeddable":true,"href":"https:\/\/v-up-solutions.com\/index.php\/wp-json\/wp\/v2\/comments?post=5117"}],"version-history":[{"count":13,"href":"https:\/\/v-up-solutions.com\/index.php\/wp-json\/wp\/v2\/pages\/5117\/revisions"}],"predecessor-version":[{"id":5140,"href":"https:\/\/v-up-solutions.com\/index.php\/wp-json\/wp\/v2\/pages\/5117\/revisions\/5140"}],"wp:attachment":[{"href":"https:\/\/v-up-solutions.com\/index.php\/wp-json\/wp\/v2\/media?parent=5117"}],"curies":[{"name":"wp","href":"https:\/\/api.w.org\/{rel}","templated":true}]}}