{"id":1583,"date":"2020-01-09T04:33:29","date_gmt":"2020-01-09T04:33:29","guid":{"rendered":"http:\/\/wpdemo.archiwp.com\/engitech\/?page_id=1583"},"modified":"2024-02-08T19:57:33","modified_gmt":"2024-02-08T19:57:33","slug":"consultation-diagnostic-formation","status":"publish","type":"page","link":"https:\/\/v-up-solutions.com\/index.php\/consultation-diagnostic-formation\/","title":{"rendered":"Consultation, Diagnostic &amp; Formation"},"content":{"rendered":"\t\t<div data-elementor-type=\"wp-page\" data-elementor-id=\"1583\" class=\"elementor elementor-1583\">\n\t\t\t\t\t\t<section class=\"elementor-section elementor-top-section elementor-element elementor-element-f983331 elementor-section-content-middle ot-traditional elementor-section-boxed elementor-section-height-default elementor-section-height-default\" data-id=\"f983331\" data-element_type=\"section\">\n\t\t\t\t\t\t<div class=\"elementor-container elementor-column-gap-extended\">\n\t\t\t\t\t<div class=\"elementor-column elementor-col-50 elementor-top-column elementor-element elementor-element-fb1c096 ot-flex-column-vertical\" data-id=\"fb1c096\" data-element_type=\"column\">\n\t\t\t<div class=\"elementor-widget-wrap elementor-element-populated\">\n\t\t\t\t\t\t<div class=\"elementor-element elementor-element-ab8c75d elementor-widget elementor-widget-image\" data-id=\"ab8c75d\" data-element_type=\"widget\" data-widget_type=\"image.default\">\n\t\t\t\t<div class=\"elementor-widget-container\">\n\t\t\t<style>\/*! elementor - v3.20.0 - 10-04-2024 *\/\n.elementor-widget-image{text-align:center}.elementor-widget-image a{display:inline-block}.elementor-widget-image a img[src$=\".svg\"]{width:48px}.elementor-widget-image img{vertical-align:middle;display:inline-block}<\/style>\t\t\t\t\t\t\t\t\t\t<img fetchpriority=\"high\" decoding=\"async\" width=\"570\" height=\"542\" src=\"https:\/\/v-up-solutions.com\/wp-content\/uploads\/2020\/01\/pic1-service1.png\" class=\"attachment-full size-full wp-image-1587\" alt=\"\" \/>\t\t\t\t\t\t\t\t\t\t\t\t\t<\/div>\n\t\t\t\t<\/div>\n\t\t\t\t\t<\/div>\n\t\t<\/div>\n\t\t\t\t<div class=\"elementor-column elementor-col-50 elementor-top-column elementor-element elementor-element-8d40657 ot-flex-column-vertical\" data-id=\"8d40657\" data-element_type=\"column\">\n\t\t\t<div class=\"elementor-widget-wrap elementor-element-populated\">\n\t\t\t\t\t\t<div class=\"elementor-element elementor-element-b059e25 elementor-widget elementor-widget-iheading\" data-id=\"b059e25\" data-element_type=\"widget\" data-widget_type=\"iheading.default\">\n\t\t\t\t<div class=\"elementor-widget-container\">\n\t\t\t\t\t<div class=\"ot-heading\">\r\n\t        \t            <span>\/\/ Nos Produits \/ Services<\/span>\r\n\t        <h2 class=\"main-heading\">Consultation, Diagnostic & Formation\n<\/h2>\t    <\/div>\r\n\t    \t\t<\/div>\n\t\t\t\t<\/div>\n\t\t\t\t<section class=\"elementor-section elementor-inner-section elementor-element elementor-element-5f1f08f elementor-section-full_width ot-traditional elementor-section-height-default elementor-section-height-default\" data-id=\"5f1f08f\" data-element_type=\"section\">\n\t\t\t\t\t\t<div class=\"elementor-container elementor-column-gap-extended\">\n\t\t\t\t\t<div class=\"elementor-column elementor-col-100 elementor-inner-column elementor-element elementor-element-4abda34 ot-flex-column-vertical\" data-id=\"4abda34\" data-element_type=\"column\">\n\t\t\t<div class=\"elementor-widget-wrap elementor-element-populated\">\n\t\t\t\t\t\t<div class=\"elementor-element elementor-element-88e9941 elementor-widget elementor-widget-text-editor\" data-id=\"88e9941\" data-element_type=\"widget\" data-widget_type=\"text-editor.default\">\n\t\t\t\t<div class=\"elementor-widget-container\">\n\t\t\t<style>\/*! elementor - v3.20.0 - 10-04-2024 *\/\n.elementor-widget-text-editor.elementor-drop-cap-view-stacked .elementor-drop-cap{background-color:#69727d;color:#fff}.elementor-widget-text-editor.elementor-drop-cap-view-framed .elementor-drop-cap{color:#69727d;border:3px solid;background-color:transparent}.elementor-widget-text-editor:not(.elementor-drop-cap-view-default) .elementor-drop-cap{margin-top:8px}.elementor-widget-text-editor:not(.elementor-drop-cap-view-default) .elementor-drop-cap-letter{width:1em;height:1em}.elementor-widget-text-editor .elementor-drop-cap{float:left;text-align:center;line-height:1;font-size:50px}.elementor-widget-text-editor .elementor-drop-cap-letter{display:inline-block}<\/style>\t\t\t\t<p>Bienvenue dans l&#8217;univers de la Consultation, du Diagnostic &amp; de la Formation avec V-UP Solutions, o\u00f9 nous fa\u00e7onnons le futur digital de votre entreprise. Notre <br \/>service d\u00e9di\u00e9 vous accompagne \u00e0 chaque \u00e9tape de votre transformation, de l&#8217;\u00e9valuation de votre maturit\u00e9 digitale \u00e0 la formation et la sensibilisation aux enjeux <br \/>cruciaux de la r\u00e9volution digitale.<\/p>\t\t\t\t\t\t<\/div>\n\t\t\t\t<\/div>\n\t\t\t\t\t<\/div>\n\t\t<\/div>\n\t\t\t\t\t<\/div>\n\t\t<\/section>\n\t\t\t\t\t<\/div>\n\t\t<\/div>\n\t\t\t\t\t<\/div>\n\t\t<\/section>\n\t\t\t\t<section class=\"elementor-section elementor-top-section elementor-element elementor-element-c2683a6 ot-traditional elementor-section-boxed elementor-section-height-default elementor-section-height-default\" data-id=\"c2683a6\" data-element_type=\"section\">\n\t\t\t\t\t\t<div class=\"elementor-container elementor-column-gap-extended\">\n\t\t\t\t\t<div class=\"elementor-column elementor-col-33 elementor-top-column elementor-element elementor-element-c78c094 ot-flex-column-vertical\" data-id=\"c78c094\" data-element_type=\"column\">\n\t\t\t<div class=\"elementor-widget-wrap elementor-element-populated\">\n\t\t\t\t\t\t<div class=\"elementor-element elementor-element-30f5848 elementor-widget elementor-widget-iservice_box\" data-id=\"30f5848\" data-element_type=\"widget\" data-widget_type=\"iservice_box.default\">\n\t\t\t\t<div class=\"elementor-widget-container\">\n\t\t\t\r\n\t\t<div class=\"service-box s-box\">\r\n\t\t\t<span class=\"big-number\">01<\/span>\r\n\t\t\t<div class=\"icon-main\">\r\n\t\t        \t\t\t    \t\t        <span class=\"flaticon-correct\"><\/span>\t        <\/div>\r\n\t        <div class=\"content-box\">\r\n\t            <h5>\u00c9valuez votre Maturit\u00e9 Digitale<\/h5>\r\n\t            <p>Au c\u0153ur de notre service, nous vous proposons une \u00e9valuation approfondie de la maturit\u00e9 digitale de votre entreprise. Comprenez o\u00f9 vous vous situez dans le \npaysage num\u00e9rique, identifiez vos forces et d\u00e9couvrez les opportunit\u00e9s d'am\u00e9lioration. Notre approche personnalis\u00e9e permet une compr\u00e9hension fine de votre \ncontexte, jetant ainsi les bases d'une transformation digitale r\u00e9ussie.<\/p>\r\n\t        <\/div>\r\n\t    <\/div>\r\n\r\n\t    \t\t<\/div>\n\t\t\t\t<\/div>\n\t\t\t\t\t<\/div>\n\t\t<\/div>\n\t\t\t\t<div class=\"elementor-column elementor-col-33 elementor-top-column elementor-element elementor-element-3685830 ot-flex-column-vertical\" data-id=\"3685830\" data-element_type=\"column\">\n\t\t\t<div class=\"elementor-widget-wrap elementor-element-populated\">\n\t\t\t\t\t\t<div class=\"elementor-element elementor-element-403e727 elementor-widget elementor-widget-iservice_box\" data-id=\"403e727\" data-element_type=\"widget\" data-widget_type=\"iservice_box.default\">\n\t\t\t\t<div class=\"elementor-widget-container\">\n\t\t\t\r\n\t\t<div class=\"service-box s-box\">\r\n\t\t\t<span class=\"big-number\">02<\/span>\r\n\t\t\t<div class=\"icon-main\">\r\n\t\t        \t\t\t    \t\t        <span class=\"flaticon-correct\"><\/span>\t        <\/div>\r\n\t        <div class=\"content-box\">\r\n\t            <h5>Conseils en Transformation Digitale<\/h5>\r\n\t            <p>La transformation digitale est un voyage complexe, et nous sommes l\u00e0 pour vous guider \u00e0 chaque \u00e9tape. Nos experts chevronn\u00e9s mettent en place des strat\u00e9gies \nsur mesure, align\u00e9es sur vos objectifs d'entreprise. B\u00e9n\u00e9ficiez de conseils avis\u00e9s pour int\u00e9grer les technologies \u00e9mergentes, optimiser vos processus et renforcer \nvotre comp\u00e9titivit\u00e9 dans un monde en perp\u00e9tuelle \u00e9volution.<\/p>\r\n\t        <\/div>\r\n\t    <\/div>\r\n\r\n\t    \t\t<\/div>\n\t\t\t\t<\/div>\n\t\t\t\t\t<\/div>\n\t\t<\/div>\n\t\t\t\t<div class=\"elementor-column elementor-col-33 elementor-top-column elementor-element elementor-element-d000ccb ot-flex-column-vertical\" data-id=\"d000ccb\" data-element_type=\"column\">\n\t\t\t<div class=\"elementor-widget-wrap elementor-element-populated\">\n\t\t\t\t\t\t<div class=\"elementor-element elementor-element-fa18db0 elementor-widget elementor-widget-iservice_box\" data-id=\"fa18db0\" data-element_type=\"widget\" data-widget_type=\"iservice_box.default\">\n\t\t\t\t<div class=\"elementor-widget-container\">\n\t\t\t\r\n\t\t<div class=\"service-box s-box\">\r\n\t\t\t<span class=\"big-number\">03<\/span>\r\n\t\t\t<div class=\"icon-main\">\r\n\t\t        \t\t\t    \t\t        <span class=\"flaticon-correct\"><\/span>\t        <\/div>\r\n\t        <div class=\"content-box\">\r\n\t            <h5>Formation et Sensibilisation <\/h5>\r\n\t            <p>Comprendre les enjeux de la transformation digitale est essentiel pour toute organisation. Notre service de formation va au-del\u00e0 des simples comp\u00e9tences \ntechniques, en mettant l'accent sur la sensibilisation \u00e0 l'importance de la digitalisation. Armez vos \u00e9quipes avec les connaissances n\u00e9cessaires pour embrasser le \nchangement, favoriser l'innovation et maximiser les opportunit\u00e9s que le num\u00e9rique offre.\nChez V-UP Solutions, nous ne proposons pas simplement des services de Consultation, de Diagnostic & de Formation ; nous cr\u00e9ons des partenariats durables \npour fa\u00e7onner ensemble un avenir num\u00e9rique prosp\u00e8re. Rejoignez-nous dans cette aventure de transformation, o\u00f9 chaque consultation, chaque diagnostic et \nchaque formation contribuent \u00e0 faire de votre entreprise un acteur de premier plan dans l'\u00e8re digitale.\n<\/p>\r\n\t        <\/div>\r\n\t    <\/div>\r\n\r\n\t    \t\t<\/div>\n\t\t\t\t<\/div>\n\t\t\t\t\t<\/div>\n\t\t<\/div>\n\t\t\t\t\t<\/div>\n\t\t<\/section>\n\t\t\t\t<section class=\"elementor-section elementor-top-section elementor-element elementor-element-f9ee9aa ot-traditional elementor-section-boxed elementor-section-height-default elementor-section-height-default\" data-id=\"f9ee9aa\" data-element_type=\"section\" data-settings=\"{&quot;background_background&quot;:&quot;classic&quot;}\">\n\t\t\t\t\t\t<div class=\"elementor-container elementor-column-gap-default\">\n\t\t\t\t\t<div class=\"elementor-column elementor-col-100 elementor-top-column elementor-element elementor-element-3c652f0 ot-flex-column-vertical\" data-id=\"3c652f0\" data-element_type=\"column\">\n\t\t\t<div class=\"elementor-widget-wrap elementor-element-populated\">\n\t\t\t\t\t\t<div class=\"elementor-element elementor-element-44cf330 elementor-widget elementor-widget-heading\" data-id=\"44cf330\" data-element_type=\"widget\" data-widget_type=\"heading.default\">\n\t\t\t\t<div class=\"elementor-widget-container\">\n\t\t\t<style>\/*! elementor - v3.20.0 - 10-04-2024 *\/\n.elementor-heading-title{padding:0;margin:0;line-height:1}.elementor-widget-heading .elementor-heading-title[class*=elementor-size-]>a{color:inherit;font-size:inherit;line-height:inherit}.elementor-widget-heading .elementor-heading-title.elementor-size-small{font-size:15px}.elementor-widget-heading .elementor-heading-title.elementor-size-medium{font-size:19px}.elementor-widget-heading .elementor-heading-title.elementor-size-large{font-size:29px}.elementor-widget-heading .elementor-heading-title.elementor-size-xl{font-size:39px}.elementor-widget-heading .elementor-heading-title.elementor-size-xxl{font-size:59px}<\/style><p class=\"elementor-heading-title elementor-size-default\">Votre transformation commence ici. Bienvenue chez <\/p>\t\t<\/div>\n\t\t\t\t<\/div>\n\t\t\t\t<div class=\"elementor-element elementor-element-bc9d898 elementor-widget elementor-widget-heading\" data-id=\"bc9d898\" data-element_type=\"widget\" data-widget_type=\"heading.default\">\n\t\t\t\t<div class=\"elementor-widget-container\">\n\t\t\t<h2 class=\"elementor-heading-title elementor-size-default\">V-UP Solutions<\/h2>\t\t<\/div>\n\t\t\t\t<\/div>\n\t\t\t\t<div class=\"elementor-element elementor-element-6576593 elementor-align-center elementor-widget elementor-widget-ibutton\" data-id=\"6576593\" data-element_type=\"widget\" data-widget_type=\"ibutton.default\">\n\t\t\t\t<div class=\"elementor-widget-container\">\n\t\t\t\t\t<div class=\"ot-button\">\r\n\t\t\t<a href=\"https:\/\/v-up-solutions.com\/index.php\/contacts\/\" class=\"octf-btn octf-btn-primary\">Contactez nous<\/a>\r\n\t    <\/div>\r\n\t    \t\t<\/div>\n\t\t\t\t<\/div>\n\t\t\t\t\t<\/div>\n\t\t<\/div>\n\t\t\t\t\t<\/div>\n\t\t<\/section>\n\t\t\t\t<\/div>\n\t\t","protected":false},"excerpt":{"rendered":"<p>\/\/ Nos Produits \/ Services Consultation, Diagnostic &#038; Formation Bienvenue dans l&#8217;univers de la Consultation, du Diagnostic &amp; de la Formation avec V-UP Solutions, o\u00f9 nous fa\u00e7onnons le futur digital de votre entreprise. Notre service d\u00e9di\u00e9 vous accompagne \u00e0 chaque \u00e9tape de votre transformation, de l&#8217;\u00e9valuation de votre maturit\u00e9 digitale \u00e0 la formation et la [&hellip;]<\/p>\n","protected":false},"author":1,"featured_media":0,"parent":0,"menu_order":0,"comment_status":"closed","ping_status":"closed","template":"","meta":{"footnotes":""},"_links":{"self":[{"href":"https:\/\/v-up-solutions.com\/index.php\/wp-json\/wp\/v2\/pages\/1583"}],"collection":[{"href":"https:\/\/v-up-solutions.com\/index.php\/wp-json\/wp\/v2\/pages"}],"about":[{"href":"https:\/\/v-up-solutions.com\/index.php\/wp-json\/wp\/v2\/types\/page"}],"author":[{"embeddable":true,"href":"https:\/\/v-up-solutions.com\/index.php\/wp-json\/wp\/v2\/users\/1"}],"replies":[{"embeddable":true,"href":"https:\/\/v-up-solutions.com\/index.php\/wp-json\/wp\/v2\/comments?post=1583"}],"version-history":[{"count":14,"href":"https:\/\/v-up-solutions.com\/index.php\/wp-json\/wp\/v2\/pages\/1583\/revisions"}],"predecessor-version":[{"id":5143,"href":"https:\/\/v-up-solutions.com\/index.php\/wp-json\/wp\/v2\/pages\/1583\/revisions\/5143"}],"wp:attachment":[{"href":"https:\/\/v-up-solutions.com\/index.php\/wp-json\/wp\/v2\/media?parent=1583"}],"curies":[{"name":"wp","href":"https:\/\/api.w.org\/{rel}","templated":true}]}}