{"id":1428,"date":"2020-01-06T03:56:28","date_gmt":"2020-01-06T03:56:28","guid":{"rendered":"http:\/\/wpdemo.archiwp.com\/engitech\/?page_id=1428"},"modified":"2024-09-30T11:18:37","modified_gmt":"2024-09-30T11:18:37","slug":"qui-sommes-nous","status":"publish","type":"page","link":"https:\/\/v-up-solutions.com\/index.php\/qui-sommes-nous\/","title":{"rendered":"Qui sommes nous ?"},"content":{"rendered":"\t\t<div data-elementor-type=\"wp-page\" data-elementor-id=\"1428\" class=\"elementor elementor-1428\">\n\t\t\t\t\t\t<section class=\"elementor-section elementor-top-section elementor-element elementor-element-89a50e0 elementor-section-height-min-height ot-traditional elementor-section-boxed elementor-section-height-default elementor-section-items-middle\" data-id=\"89a50e0\" data-element_type=\"section\" data-settings=\"{&quot;background_background&quot;:&quot;classic&quot;}\">\n\t\t\t\t\t\t<div class=\"elementor-container elementor-column-gap-default\">\n\t\t\t\t\t<div class=\"elementor-column elementor-col-100 elementor-top-column elementor-element elementor-element-41d918d ot-flex-column-vertical\" data-id=\"41d918d\" data-element_type=\"column\">\n\t\t\t<div class=\"elementor-widget-wrap elementor-element-populated\">\n\t\t\t\t\t\t<div class=\"elementor-element elementor-element-e19dae5 elementor-widget elementor-widget-heading\" data-id=\"e19dae5\" data-element_type=\"widget\" data-widget_type=\"heading.default\">\n\t\t\t\t<div class=\"elementor-widget-container\">\n\t\t\t<style>\/*! elementor - v3.20.0 - 10-04-2024 *\/\n.elementor-heading-title{padding:0;margin:0;line-height:1}.elementor-widget-heading .elementor-heading-title[class*=elementor-size-]>a{color:inherit;font-size:inherit;line-height:inherit}.elementor-widget-heading .elementor-heading-title.elementor-size-small{font-size:15px}.elementor-widget-heading .elementor-heading-title.elementor-size-medium{font-size:19px}.elementor-widget-heading .elementor-heading-title.elementor-size-large{font-size:29px}.elementor-widget-heading .elementor-heading-title.elementor-size-xl{font-size:39px}.elementor-widget-heading .elementor-heading-title.elementor-size-xxl{font-size:59px}<\/style><h2 class=\"elementor-heading-title elementor-size-default\">Rencontrez notre groupe d\u2019innovateurs !<\/h2>\t\t<\/div>\n\t\t\t\t<\/div>\n\t\t\t\t\t<\/div>\n\t\t<\/div>\n\t\t\t\t\t<\/div>\n\t\t<\/section>\n\t\t\t\t<section class=\"elementor-section elementor-top-section elementor-element elementor-element-63f7879 ot-traditional elementor-section-boxed elementor-section-height-default elementor-section-height-default\" data-id=\"63f7879\" data-element_type=\"section\" data-settings=\"{&quot;background_background&quot;:&quot;classic&quot;}\">\n\t\t\t\t\t\t<div class=\"elementor-container elementor-column-gap-default\">\n\t\t\t\t\t<div class=\"elementor-column elementor-col-100 elementor-top-column elementor-element elementor-element-c290023 ot-flex-column-vertical\" data-id=\"c290023\" data-element_type=\"column\">\n\t\t\t<div class=\"elementor-widget-wrap elementor-element-populated\">\n\t\t\t\t\t\t<div class=\"elementor-element elementor-element-91e59b8 elementor-widget elementor-widget-iheading\" data-id=\"91e59b8\" data-element_type=\"widget\" data-widget_type=\"iheading.default\">\n\t\t\t\t<div class=\"elementor-widget-container\">\n\t\t\t\t\t<div class=\"ot-heading\">\r\n\t        \t            <span>\/\/ Qui sommes nous ?<\/span>\r\n\t        <h2 class=\"main-heading\">Bienvenue dans le monde de l'innovation digitale avec notre entreprise cr\u00e9\u00e9e en 2019 ! <\/h2>\t    <\/div>\r\n\t    \t\t<\/div>\n\t\t\t\t<\/div>\n\t\t\t\t<div class=\"elementor-element elementor-element-e4b42da elementor-widget elementor-widget-text-editor\" data-id=\"e4b42da\" data-element_type=\"widget\" data-widget_type=\"text-editor.default\">\n\t\t\t\t<div class=\"elementor-widget-container\">\n\t\t\t<style>\/*! elementor - v3.20.0 - 10-04-2024 *\/\n.elementor-widget-text-editor.elementor-drop-cap-view-stacked .elementor-drop-cap{background-color:#69727d;color:#fff}.elementor-widget-text-editor.elementor-drop-cap-view-framed .elementor-drop-cap{color:#69727d;border:3px solid;background-color:transparent}.elementor-widget-text-editor:not(.elementor-drop-cap-view-default) .elementor-drop-cap{margin-top:8px}.elementor-widget-text-editor:not(.elementor-drop-cap-view-default) .elementor-drop-cap-letter{width:1em;height:1em}.elementor-widget-text-editor .elementor-drop-cap{float:left;text-align:center;line-height:1;font-size:50px}.elementor-widget-text-editor .elementor-drop-cap-letter{display:inline-block}<\/style>\t\t\t\t<p>Nous sommes une entreprise sp\u00e9cialis\u00e9e dans le conseil et le d\u00e9veloppement <br \/>d&#8217;applications digitales pour r\u00e9pondre aux besoins de nos clients. Nous travaillons en <br \/>\u00e9troite collaboration avec nos clients pour leur fournir des solutions sur mesure en <br \/>mati\u00e8re de technologie digitale. <br \/>Nos services couvrent un large \u00e9ventail de domaines, allant de la conception et du <br \/>d\u00e9veloppement d&#8217;applications digital, \u00e0 la mise en place de strat\u00e9gies de transformation <br \/>digitale. <br \/>Nous sommes passionn\u00e9s par l&#8217;innovation et nous nous engageons \u00e0 aider nos clients \u00e0 <br \/>se d\u00e9velopper dans l&#8217;environnement num\u00e9rique en constante \u00e9volution..<\/p>\t\t\t\t\t\t<\/div>\n\t\t\t\t<\/div>\n\t\t\t\t\t<\/div>\n\t\t<\/div>\n\t\t\t\t\t<\/div>\n\t\t<\/section>\n\t\t<div class=\"elementor-element elementor-element-0e90fcc e-flex e-con-boxed e-con e-parent\" data-id=\"0e90fcc\" data-element_type=\"container\" data-core-v316-plus=\"true\">\n\t\t\t\t\t<div class=\"e-con-inner\">\n\t\t\t\t<div class=\"elementor-element elementor-element-76aa1c4 elementor-widget elementor-widget-iheading\" data-id=\"76aa1c4\" data-element_type=\"widget\" data-widget_type=\"iheading.default\">\n\t\t\t\t<div class=\"elementor-widget-container\">\n\t\t\t\t\t<div class=\"ot-heading\">\r\n\t        <h2 class=\"main-heading\">Tous simplement vous faire \u00e9conomiser du temps et de l'argent gr\u00e2ce a nos \ninnovations digitales\n<\/h2>\t    <\/div>\r\n\t    \t\t<\/div>\n\t\t\t\t<\/div>\n\t\t\t\t\t<\/div>\n\t\t\t\t<\/div>\n\t\t<div class=\"elementor-element elementor-element-09009f7 e-flex e-con-boxed e-con e-parent\" data-id=\"09009f7\" data-element_type=\"container\" data-core-v316-plus=\"true\">\n\t\t\t\t\t<div class=\"e-con-inner\">\n\t\t<div class=\"elementor-element elementor-element-98b11b4 e-con-full e-flex e-con e-child\" data-id=\"98b11b4\" data-element_type=\"container\">\n\t\t\t\t<div class=\"elementor-element elementor-element-fffe81a elementor-widget elementor-widget-iserv_box\" data-id=\"fffe81a\" data-element_type=\"widget\" data-widget_type=\"iserv_box.default\">\n\t\t\t\t<div class=\"elementor-widget-container\">\n\t\t\t\r\n\t\t<div class=\"serv-box s1 elementor-animation-\">\r\n\t\t\t\t\t\t<div class=\"icon-main\">\r\n\t\t        \t\t\t    \t\t        <span class=\"flaticon-tablet\"><\/span>\t        <\/div>\r\n\t        <div class=\"content-box\">\r\n\t            <h5>Mission<\/h5>\r\n\t            <div>\u2022 \u00c9valuation de la maturit\u00e9 digitale.<br>\n\u2022 Conseil en transformation digitale <br>\n\u2022 Gestion de projet de transformation digitale <br>\n\u2022 D\u00e9veloppement des applications digitales.<br>\n\u2022 Maintenance et support.<br>\n\u2022 Formation et sensibilisation \u00e0 la digitalisation.<br>\n\u2022 Veille technologique du digital<br>\n<\/div>\t        <\/div>\r\n\t    <\/div>\r\n\r\n\t    \t\t<\/div>\n\t\t\t\t<\/div>\n\t\t\t\t<\/div>\n\t\t<div class=\"elementor-element elementor-element-7612cfc e-con-full e-flex e-con e-child\" data-id=\"7612cfc\" data-element_type=\"container\">\n\t\t\t\t<div class=\"elementor-element elementor-element-c653658 elementor-widget elementor-widget-iserv_box\" data-id=\"c653658\" data-element_type=\"widget\" data-widget_type=\"iserv_box.default\">\n\t\t\t\t<div class=\"elementor-widget-container\">\n\t\t\t\r\n\t\t<div class=\"serv-box s1 elementor-animation-\">\r\n\t\t\t\t\t\t<div class=\"icon-main\">\r\n\t\t        \t\t\t    \t\t        <span class=\"flaticon-tablet\"><\/span>\t        <\/div>\r\n\t        <div class=\"content-box\">\r\n\t            <h5>Vision<\/h5>\r\n\t            <div>\u2022 Proposer \u00e0 nos clients des solutions digitales \npersonnalis\u00e9es pour les aider \u00e0 optimiser leurs processus \net cr\u00e9er de la valeur. <br>\n\u2022 Offrir un service client exceptionnel. <br>\n\u2022 Etre en constante \u00e9volution pour rester \u00e0 la pointe de \nl'innovation. <br>\n <br>\n <br>\n\n\n<\/div>\t        <\/div>\r\n\t    <\/div>\r\n\r\n\t    \t\t<\/div>\n\t\t\t\t<\/div>\n\t\t\t\t<\/div>\n\t\t\t\t\t<\/div>\n\t\t\t\t<\/div>\n\t\t<div class=\"elementor-element elementor-element-1a0071d e-flex e-con-boxed e-con e-parent\" data-id=\"1a0071d\" data-element_type=\"container\" data-core-v316-plus=\"true\">\n\t\t\t\t\t<div class=\"e-con-inner\">\n\t\t\t\t<div class=\"elementor-element elementor-element-321a83e elementor-widget elementor-widget-iheading\" data-id=\"321a83e\" data-element_type=\"widget\" data-widget_type=\"iheading.default\">\n\t\t\t\t<div class=\"elementor-widget-container\">\n\t\t\t\t\t<div class=\"ot-heading\">\r\n\t        <h2 class=\"main-heading\">Nous sommes passionn\u00e9s par l'innovation et nous nous engageons \u00e0 aider nos clients \u00e0 \nse d\u00e9velopper dans l'environnement num\u00e9rique en constante \u00e9volution..<\/h2>\t    <\/div>\r\n\t    \t\t<\/div>\n\t\t\t\t<\/div>\n\t\t\t\t\t<\/div>\n\t\t\t\t<\/div>\n\t\t<div class=\"elementor-element elementor-element-122fa44 e-flex e-con-boxed e-con e-parent\" data-id=\"122fa44\" data-element_type=\"container\" data-core-v316-plus=\"true\">\n\t\t\t\t\t<div class=\"e-con-inner\">\n\t\t\t\t<div class=\"elementor-element elementor-element-a5bc8a2 elementor-widget elementor-widget-iheading\" data-id=\"a5bc8a2\" data-element_type=\"widget\" data-widget_type=\"iheading.default\">\n\t\t\t\t<div class=\"elementor-widget-container\">\n\t\t\t\t\t<div class=\"ot-heading\">\r\n\t        <h2 class=\"main-heading\">Co-Fondateurs<\/h2>\t    <\/div>\r\n\t    \t\t<\/div>\n\t\t\t\t<\/div>\n\t\t\t\t<div class=\"elementor-element elementor-element-4dd8986 elementor-widget elementor-widget-text-editor\" data-id=\"4dd8986\" data-element_type=\"widget\" data-widget_type=\"text-editor.default\">\n\t\t\t\t<div class=\"elementor-widget-container\">\n\t\t\t\t\t\t\t\t\t\t\t\t\t<\/div>\n\t\t\t\t<\/div>\n\t\t\t\t\t<\/div>\n\t\t\t\t<\/div>\n\t\t<div class=\"elementor-element elementor-element-e2f969c e-flex e-con-boxed e-con e-parent\" data-id=\"e2f969c\" data-element_type=\"container\" data-core-v316-plus=\"true\">\n\t\t\t\t\t<div class=\"e-con-inner\">\n\t\t<div class=\"elementor-element elementor-element-e90cbeb e-con-full e-flex e-con e-child\" data-id=\"e90cbeb\" data-element_type=\"container\">\n\t\t\t\t<div class=\"elementor-element elementor-element-16e73c5 elementor-widget elementor-widget-imember\" data-id=\"16e73c5\" data-element_type=\"widget\" data-widget_type=\"imember.default\">\n\t\t\t\t<div class=\"elementor-widget-container\">\n\t\t\t\r\n\t\t<div class=\"team-wrap\">\r\n\t\t\t\t\t\t<div class=\"team-thumb\">\r\n\t\t\t\t<img fetchpriority=\"high\" decoding=\"async\" width=\"300\" height=\"288\" src=\"https:\/\/v-up-solutions.com\/wp-content\/uploads\/2024\/01\/vissage2-300x288.png\" class=\"attachment-medium size-medium wp-image-5032\" alt=\"\" srcset=\"https:\/\/v-up-solutions.com\/wp-content\/uploads\/2024\/01\/vissage2-300x288.png 300w, https:\/\/v-up-solutions.com\/wp-content\/uploads\/2024\/01\/vissage2.png 653w\" sizes=\"(max-width: 300px) 100vw, 300px\" \/>\t\t\t\t                    <div class=\"team-social flex-middle\">\r\n                    \t<div>\r\n                                                                                    <a rel=\"nofollow\" \r\n                                        href=\"#\" class=\"twitter\">\r\n                                     <i class=\"fab fa-twitter\"><\/i>\r\n                                <\/a>\r\n                                                                                                                <a rel=\"nofollow\" \r\n                                        href=\"#\" class=\"linkedin\">\r\n                                     <i class=\"fab fa-linkedin-in\"><\/i>\r\n                                <\/a>\r\n                                                                                                                <a rel=\"nofollow\" \r\n                                        href=\"#\" class=\"pinterest\">\r\n                                     <i class=\"fab fa-pinterest-p\"><\/i>\r\n                                <\/a>\r\n                                                                                                                <a rel=\"nofollow\" \r\n                                        href=\"#\" class=\"instagram\">\r\n                                     <i class=\"fab fa-instagram\"><\/i>\r\n                                <\/a>\r\n                                                                        \t<\/div>\r\n                    <\/div>  \r\n                \t\t\t<\/div>\r\n\t\t\t\t\t\t<div class=\"team-info\">\r\n\t\t\t\t<h4>Mr AMMARI MOHAMMED<\/h4>\r\n\t\t\t\t<span>Ing\u00e9nieur Consultant Expert<br>\nFacilitateur Digital<br>\nmohammed.ammari@v-up-solutions.com<\/span>\r\n\t\t\t<\/div>\r\n\t\t<\/div>\r\n\t        \r\n\t    \t\t<\/div>\n\t\t\t\t<\/div>\n\t\t\t\t<\/div>\n\t\t<div class=\"elementor-element elementor-element-6be168c e-con-full e-flex e-con e-child\" data-id=\"6be168c\" data-element_type=\"container\">\n\t\t\t\t<div class=\"elementor-element elementor-element-5bf0b1f elementor-widget elementor-widget-imember\" data-id=\"5bf0b1f\" data-element_type=\"widget\" data-widget_type=\"imember.default\">\n\t\t\t\t<div class=\"elementor-widget-container\">\n\t\t\t\r\n\t\t<div class=\"team-wrap\">\r\n\t\t\t\t\t\t<div class=\"team-thumb\">\r\n\t\t\t\t<img decoding=\"async\" width=\"300\" height=\"288\" src=\"https:\/\/v-up-solutions.com\/wp-content\/uploads\/2024\/01\/vissage1-300x288.png\" class=\"attachment-medium size-medium wp-image-5034\" alt=\"\" srcset=\"https:\/\/v-up-solutions.com\/wp-content\/uploads\/2024\/01\/vissage1-300x288.png 300w, https:\/\/v-up-solutions.com\/wp-content\/uploads\/2024\/01\/vissage1.png 653w\" sizes=\"(max-width: 300px) 100vw, 300px\" \/>\t\t\t\t                    <div class=\"team-social flex-middle\">\r\n                    \t<div>\r\n                                                                                    <a rel=\"nofollow\" \r\n                                        href=\"#\" class=\"twitter\">\r\n                                     <i class=\"fab fa-twitter\"><\/i>\r\n                                <\/a>\r\n                                                                                                                <a rel=\"nofollow\" \r\n                                        href=\"#\" class=\"linkedin\">\r\n                                     <i class=\"fab fa-linkedin-in\"><\/i>\r\n                                <\/a>\r\n                                                                                                                <a rel=\"nofollow\" \r\n                                        href=\"#\" class=\"pinterest\">\r\n                                     <i class=\"fab fa-pinterest-p\"><\/i>\r\n                                <\/a>\r\n                                                                                                                <a rel=\"nofollow\" \r\n                                        href=\"#\" class=\"instagram\">\r\n                                     <i class=\"fab fa-instagram\"><\/i>\r\n                                <\/a>\r\n                                                                        \t<\/div>\r\n                    <\/div>  \r\n                \t\t\t<\/div>\r\n\t\t\t\t\t\t<div class=\"team-info\">\r\n\t\t\t\t<h4>Mr EL HASSNAOUI ABDELHAK<\/h4>\r\n\t\t\t\t<span>Ing\u00e9nieur Consultant Expert EN IT<br>\nabdelhaq.elhassnaoui@v-up-solutions.com<br>\n<\/span>\r\n\t\t\t<\/div>\r\n\t\t<\/div>\r\n\t        \r\n\t    \t\t<\/div>\n\t\t\t\t<\/div>\n\t\t\t\t<\/div>\n\t\t\t\t\t<\/div>\n\t\t\t\t<\/div>\n\t\t<div class=\"elementor-element elementor-element-0d8329a e-flex e-con-boxed e-con e-parent\" data-id=\"0d8329a\" data-element_type=\"container\" data-core-v316-plus=\"true\">\n\t\t\t\t\t<div class=\"e-con-inner\">\n\t\t<div class=\"elementor-element elementor-element-5898716 e-con-full e-flex e-con e-child\" data-id=\"5898716\" data-element_type=\"container\">\n\t\t\t\t<div class=\"elementor-element elementor-element-e58be3a elementor-widget elementor-widget-heading\" data-id=\"e58be3a\" data-element_type=\"widget\" data-widget_type=\"heading.default\">\n\t\t\t\t<div class=\"elementor-widget-container\">\n\t\t\t<h2 class=\"elementor-heading-title elementor-size-default\">Mohammed AMMARI<\/h2>\t\t<\/div>\n\t\t\t\t<\/div>\n\t\t\t\t<div class=\"elementor-element elementor-element-31814bf elementor-widget elementor-widget-heading\" data-id=\"31814bf\" data-element_type=\"widget\" data-widget_type=\"heading.default\">\n\t\t\t\t<div class=\"elementor-widget-container\">\n\t\t\t<h2 class=\"elementor-heading-title elementor-size-default\">CEO & CO-FOUNDER<\/h2>\t\t<\/div>\n\t\t\t\t<\/div>\n\t\t\t\t<div class=\"elementor-element elementor-element-95f9177 elementor-widget elementor-widget-image\" data-id=\"95f9177\" data-element_type=\"widget\" data-widget_type=\"image.default\">\n\t\t\t\t<div class=\"elementor-widget-container\">\n\t\t\t<style>\/*! elementor - v3.20.0 - 10-04-2024 *\/\n.elementor-widget-image{text-align:center}.elementor-widget-image a{display:inline-block}.elementor-widget-image a img[src$=\".svg\"]{width:48px}.elementor-widget-image img{vertical-align:middle;display:inline-block}<\/style>\t\t\t\t\t\t\t\t\t\t<img decoding=\"async\" width=\"768\" height=\"1015\" src=\"https:\/\/v-up-solutions.com\/wp-content\/uploads\/2024\/03\/amari-1-768x1015.jpg\" class=\"attachment-medium_large size-medium_large wp-image-5368\" alt=\"\" srcset=\"https:\/\/v-up-solutions.com\/wp-content\/uploads\/2024\/03\/amari-1-768x1015.jpg 768w, https:\/\/v-up-solutions.com\/wp-content\/uploads\/2024\/03\/amari-1-227x300.jpg 227w, https:\/\/v-up-solutions.com\/wp-content\/uploads\/2024\/03\/amari-1-775x1024.jpg 775w, https:\/\/v-up-solutions.com\/wp-content\/uploads\/2024\/03\/amari-1-720x951.jpg 720w, https:\/\/v-up-solutions.com\/wp-content\/uploads\/2024\/03\/amari-1.jpg 1000w\" sizes=\"(max-width: 768px) 100vw, 768px\" \/>\t\t\t\t\t\t\t\t\t\t\t\t\t<\/div>\n\t\t\t\t<\/div>\n\t\t\t\t<\/div>\n\t\t\t\t<div class=\"elementor-element elementor-element-1c8f52e elementor-widget elementor-widget-text-editor\" data-id=\"1c8f52e\" data-element_type=\"widget\" data-widget_type=\"text-editor.default\">\n\t\t\t\t<div class=\"elementor-widget-container\">\n\t\t\t\t\t\t\t<p>La transformation digitale est in\u00e9vitable et elle repr\u00e9sente un d\u00e9fi passionnant pour les entreprises de tous les secteurs. Dans l&#8217;\u00e8re du digital, l&#8217;innovation est constante et la rapidit\u00e9 est essentielle. Pour r\u00e9ussir, les entreprises doivent \u00eatre agiles et capables de s&#8217;adapter rapidement aux changements technologiques. Il est important de comprendre que la transformation digitale ne se limite pas \u00e0 la technologie, mais qu&#8217;elle touche \u00e9galement tous les aspects de l&#8217;entreprise, notamment la culture d&#8217;entreprise, les processus op\u00e9rationnels et la strat\u00e9gie commerciale. En tant que CEO, je suis convaincu que la transformation digitale est une opportunit\u00e9 pour les entreprises de se diff\u00e9rencier, de renforcer leur comp\u00e9titivit\u00e9 et de r\u00e9pondre aux besoins des clients. Je crois que les entreprises qui embrassent pleinement la transformation digitale sont celles qui r\u00e9ussiront dans l&#8217;\u00e8re du digital.<\/p>\t\t\t\t\t\t<\/div>\n\t\t\t\t<\/div>\n\t\t\t\t\t<\/div>\n\t\t\t\t<\/div>\n\t\t\t\t<section class=\"elementor-section elementor-top-section elementor-element elementor-element-3ea0854 ot-traditional elementor-section-boxed elementor-section-height-default elementor-section-height-default\" data-id=\"3ea0854\" data-element_type=\"section\" data-settings=\"{&quot;background_background&quot;:&quot;classic&quot;}\">\n\t\t\t\t\t\t<div class=\"elementor-container elementor-column-gap-default\">\n\t\t\t\t\t<div class=\"elementor-column elementor-col-100 elementor-top-column elementor-element elementor-element-9b020bd ot-flex-column-vertical\" data-id=\"9b020bd\" data-element_type=\"column\">\n\t\t\t<div class=\"elementor-widget-wrap elementor-element-populated\">\n\t\t\t\t\t\t<div class=\"elementor-element elementor-element-5a150df elementor-widget elementor-widget-heading\" data-id=\"5a150df\" data-element_type=\"widget\" data-widget_type=\"heading.default\">\n\t\t\t\t<div class=\"elementor-widget-container\">\n\t\t\t<p class=\"elementor-heading-title elementor-size-default\">Notre Equipe est \u00e0 votre service .\nInnovation, Agilit\u00e9 et Engagement sont nos valeurs !<\/p>\t\t<\/div>\n\t\t\t\t<\/div>\n\t\t\t\t<div class=\"elementor-element elementor-element-53f8732 elementor-widget elementor-widget-heading\" data-id=\"53f8732\" data-element_type=\"widget\" data-widget_type=\"heading.default\">\n\t\t\t\t<div class=\"elementor-widget-container\">\n\t\t\t<h2 class=\"elementor-heading-title elementor-size-default\">Nous Contactez\n<\/h2>\t\t<\/div>\n\t\t\t\t<\/div>\n\t\t\t\t<div class=\"elementor-element elementor-element-3fd93e6 elementor-align-center elementor-widget elementor-widget-ibutton\" data-id=\"3fd93e6\" data-element_type=\"widget\" data-widget_type=\"ibutton.default\">\n\t\t\t\t<div class=\"elementor-widget-container\">\n\t\t\t\t\t<div class=\"ot-button\">\r\n\t\t\t<a href=\"https:\/\/v-up-solutions.com\/index.php\/contacts\/\" class=\"octf-btn octf-btn-primary\">Contactez nous<\/a>\r\n\t    <\/div>\r\n\t    \t\t<\/div>\n\t\t\t\t<\/div>\n\t\t\t\t\t<\/div>\n\t\t<\/div>\n\t\t\t\t\t<\/div>\n\t\t<\/section>\n\t\t\t\t<\/div>\n\t\t","protected":false},"excerpt":{"rendered":"<p>Rencontrez notre groupe d\u2019innovateurs ! \/\/ Qui sommes nous ? Bienvenue dans le monde de l&#8217;innovation digitale avec notre entreprise cr\u00e9\u00e9e en 2019 ! Nous sommes une entreprise sp\u00e9cialis\u00e9e dans le conseil et le d\u00e9veloppement d&#8217;applications digitales pour r\u00e9pondre aux besoins de nos clients. Nous travaillons en \u00e9troite collaboration avec nos clients pour leur fournir [&hellip;]<\/p>\n","protected":false},"author":1,"featured_media":0,"parent":0,"menu_order":0,"comment_status":"closed","ping_status":"closed","template":"","meta":{"footnotes":""},"_links":{"self":[{"href":"https:\/\/v-up-solutions.com\/index.php\/wp-json\/wp\/v2\/pages\/1428"}],"collection":[{"href":"https:\/\/v-up-solutions.com\/index.php\/wp-json\/wp\/v2\/pages"}],"about":[{"href":"https:\/\/v-up-solutions.com\/index.php\/wp-json\/wp\/v2\/types\/page"}],"author":[{"embeddable":true,"href":"https:\/\/v-up-solutions.com\/index.php\/wp-json\/wp\/v2\/users\/1"}],"replies":[{"embeddable":true,"href":"https:\/\/v-up-solutions.com\/index.php\/wp-json\/wp\/v2\/comments?post=1428"}],"version-history":[{"count":74,"href":"https:\/\/v-up-solutions.com\/index.php\/wp-json\/wp\/v2\/pages\/1428\/revisions"}],"predecessor-version":[{"id":5636,"href":"https:\/\/v-up-solutions.com\/index.php\/wp-json\/wp\/v2\/pages\/1428\/revisions\/5636"}],"wp:attachment":[{"href":"https:\/\/v-up-solutions.com\/index.php\/wp-json\/wp\/v2\/media?parent=1428"}],"curies":[{"name":"wp","href":"https:\/\/api.w.org\/{rel}","templated":true}]}}