{"id":5286,"date":"2024-02-27T10:39:41","date_gmt":"2024-02-27T10:39:41","guid":{"rendered":"https:\/\/v-up-solutions.com\/?page_id=5286"},"modified":"2024-04-15T08:04:32","modified_gmt":"2024-04-15T08:04:32","slug":"gestion-datelier-flux-de-production-eworkshop","status":"publish","type":"page","link":"http:\/\/v-up-solutions.com\/index.php\/gestion-datelier-flux-de-production-eworkshop\/","title":{"rendered":"Gestion d\u2019Atelier &amp; Flux de Production : E\u2013WoRKSHoP"},"content":{"rendered":"\t\t<div data-elementor-type=\"wp-page\" data-elementor-id=\"5286\" class=\"elementor elementor-5286\">\n\t\t\t\t\t\t<section class=\"elementor-section elementor-top-section elementor-element elementor-element-bfdfbf3 ot-traditional elementor-section-boxed elementor-section-height-default elementor-section-height-default\" data-id=\"bfdfbf3\" data-element_type=\"section\">\n\t\t\t\t\t\t<div class=\"elementor-container elementor-column-gap-extended\">\n\t\t\t\t\t<div class=\"elementor-column elementor-col-50 elementor-top-column elementor-element elementor-element-634de13 ot-flex-column-vertical\" data-id=\"634de13\" data-element_type=\"column\">\n\t\t\t<div class=\"elementor-widget-wrap elementor-element-populated\">\n\t\t\t\t\t\t<div class=\"elementor-element elementor-element-8e6620a elementor-widget elementor-widget-iservice_box\" data-id=\"8e6620a\" data-element_type=\"widget\" data-widget_type=\"iservice_box.default\">\n\t\t\t\t<div class=\"elementor-widget-container\">\n\t\t\t\r\n\t\t<div class=\"service-box s-box\">\r\n\t\t\t<span class=\"big-number\"><\/span>\r\n\t\t\t<div class=\"icon-main\">\r\n\t\t        \t\t\t    \t\t        <span class=\"flaticon-correct\"><\/span>\t        <\/div>\r\n\t        <div class=\"content-box\">\r\n\t            <h5>Gestion d\u2019Atelier & Flux de Production : E\u2013WoRKSHoP<\/h5>\r\n\t            <p><\/p>\r\n\t        <\/div>\r\n\t    <\/div>\r\n\r\n\t    \t\t<\/div>\n\t\t\t\t<\/div>\n\t\t\t\t<div class=\"elementor-element elementor-element-c27f985 elementor-widget elementor-widget-text-editor\" data-id=\"c27f985\" data-element_type=\"widget\" data-widget_type=\"text-editor.default\">\n\t\t\t\t<div class=\"elementor-widget-container\">\n\t\t\t<style>\/*! elementor - v3.20.0 - 10-04-2024 *\/\n.elementor-widget-text-editor.elementor-drop-cap-view-stacked .elementor-drop-cap{background-color:#69727d;color:#fff}.elementor-widget-text-editor.elementor-drop-cap-view-framed .elementor-drop-cap{color:#69727d;border:3px solid;background-color:transparent}.elementor-widget-text-editor:not(.elementor-drop-cap-view-default) .elementor-drop-cap{margin-top:8px}.elementor-widget-text-editor:not(.elementor-drop-cap-view-default) .elementor-drop-cap-letter{width:1em;height:1em}.elementor-widget-text-editor .elementor-drop-cap{float:left;text-align:center;line-height:1;font-size:50px}.elementor-widget-text-editor .elementor-drop-cap-letter{display:inline-block}<\/style>\t\t\t\t<p>Bienvenue dans l&#8217;avenir de la gestion d&#8217;atelier avec E-WoRKSHoP de V-UP Solutions, une r\u00e9volution digitale con\u00e7ue pour simplifier et optimiser chaque aspect de vos processus de production. Cette application innovante all\u00e8ge les charges administratives tout en apportant une efficacit\u00e9 in\u00e9gal\u00e9e \u00e0 la gestion d&#8217;atelier.<br \/>E-WORKSHOP red\u00e9finit la gestion des ateliers en offrant une solution compl\u00e8te pour dimensionner et \u00e9quilibrer les processus de production. Gr\u00e2ce \u00e0 des calculs avanc\u00e9s de charge\/capacit\u00e9, vous pouvez optimiser la planification et maximiser l&#8217;utilisation des ressources, assurant une production continue sans heurts.<br \/>La gestion des flux de production devient transparente avec E-WoRKSHoP. \u00c0 tout moment, visualisez les encours de production, g\u00e9rez l&#8217;avancement des ordres de fabrication et des commandes en temps r\u00e9el. Notre application facilite la prise de d\u00e9cision rapide et \u00e9clair\u00e9e, garantissant une orchestration fluide de l&#8217;ensemble du processus de production.<br \/>Les modes op\u00e9ratoires par poste de travail deviennent accessibles d&#8217;un simple clic. E-WoRKSHoP offre une vue d\u00e9taill\u00e9e de chaque \u00e9tape du processus, facilitant l&#8217;analyse et l&#8217;optimisation continues. Soyez en contr\u00f4le total de votre atelier, identifiez les goulots d&#8217;\u00e9tranglement et ajustez dynamiquement pour une performance optimale.<br \/>Pour assurer une organisation optimale des postes de travail, E-WoRKSHoP int\u00e8gre les principes des 5S. Auditez la disposition des postes de travail, optimisez l&#8217;espace et am\u00e9liorez l&#8217;efficacit\u00e9 op\u00e9rationnelle. Notre application sert de guide pour garantir un environnement de travail ordonn\u00e9 et efficace.<br \/>E-WoRKSHoP n&#8217;est pas simplement une application ; c&#8217;est votre partenaire dans la transformation de votre atelier. Simplifiez, optimisez et lib\u00e9rez le potentiel de votre production.<br \/>Bienvenue chez V-UP Solutions, o\u00f9 E-WoRKSHoP propulse votre atelier vers une nouvelle \u00e8re de performance et d&#8217;efficacit\u00e9.<\/p>\t\t\t\t\t\t<\/div>\n\t\t\t\t<\/div>\n\t\t\t\t\t<\/div>\n\t\t<\/div>\n\t\t\t\t<div class=\"elementor-column elementor-col-50 elementor-top-column elementor-element elementor-element-8a3c638 ot-flex-column-vertical\" data-id=\"8a3c638\" data-element_type=\"column\">\n\t\t\t<div class=\"elementor-widget-wrap elementor-element-populated\">\n\t\t\t\t\t\t<div class=\"elementor-element elementor-element-b54d35f elementor-widget elementor-widget-iservice_box\" data-id=\"b54d35f\" data-element_type=\"widget\" data-widget_type=\"iservice_box.default\">\n\t\t\t\t<div class=\"elementor-widget-container\">\n\t\t\t\r\n\t\t<div class=\"service-box s-box\">\r\n\t\t\t<span class=\"big-number\"><\/span>\r\n\t\t\t<div class=\"icon-main\">\r\n\t\t        \t\t\t    \t\t        <span class=\"flaticon-correct\"><\/span>\t        <\/div>\r\n\t        <div class=\"content-box\">\r\n\t            <h5>E-WoRKSHoP Permet de:<\/h5>\r\n\t            <p><\/p>\r\n\t        <\/div>\r\n\t    <\/div>\r\n\r\n\t    \t\t<\/div>\n\t\t\t\t<\/div>\n\t\t\t\t<div class=\"elementor-element elementor-element-5550c0d elementor-widget elementor-widget-text-editor\" data-id=\"5550c0d\" data-element_type=\"widget\" data-widget_type=\"text-editor.default\">\n\t\t\t\t<div class=\"elementor-widget-container\">\n\t\t\t\t\t\t\t<p>\u2022 Dimensionner une ligne de production pour r\u00e9pondre \u00e0 l\u2019objectif de production demand\u00e9 par le client.<br \/>\u2022 Suivre l\u2019avancement des Ordres de Fabrication (OF) ou les commandes des clients.<br \/>\u2022 Mesurer la production par poste de travail ou atelier ou ligne de production.<br \/>\u2022 Calculer la charge de travail par poste et comparer la charge \u00e0 la capacit\u00e9 du poste.<br \/>\u2022 Programmer des heures suppl\u00e9mentaires et coordonner avec les autres fonctions (Ressources humaines, Transport, cantine,\u2026).<br \/>\u2022 Situer les encours entre les postes et les ateliers.<br \/>\u2022 Calculer le rendement et la performance des postes et des lignes.<br \/>\u2022 Visualiser les modes op\u00e9ratoires.<br \/>\u2022 Organiser les postes de travail.<br \/>\u2022 Visualiser la pr\u00e9sence ou l\u2019absence de op\u00e9rateurs.<\/p>\t\t\t\t\t\t<\/div>\n\t\t\t\t<\/div>\n\t\t\t\t\t<\/div>\n\t\t<\/div>\n\t\t\t\t\t<\/div>\n\t\t<\/section>\n\t\t\t\t<section class=\"elementor-section elementor-top-section elementor-element elementor-element-f9ee9aa ot-traditional elementor-section-boxed elementor-section-height-default elementor-section-height-default\" data-id=\"f9ee9aa\" data-element_type=\"section\" data-settings=\"{&quot;background_background&quot;:&quot;classic&quot;}\">\n\t\t\t\t\t\t<div class=\"elementor-container elementor-column-gap-default\">\n\t\t\t\t\t<div class=\"elementor-column elementor-col-100 elementor-top-column elementor-element elementor-element-3c652f0 ot-flex-column-vertical\" data-id=\"3c652f0\" data-element_type=\"column\">\n\t\t\t<div class=\"elementor-widget-wrap elementor-element-populated\">\n\t\t\t\t\t\t<div class=\"elementor-element elementor-element-44cf330 elementor-widget elementor-widget-heading\" data-id=\"44cf330\" data-element_type=\"widget\" data-widget_type=\"heading.default\">\n\t\t\t\t<div class=\"elementor-widget-container\">\n\t\t\t<style>\/*! elementor - v3.20.0 - 10-04-2024 *\/\n.elementor-heading-title{padding:0;margin:0;line-height:1}.elementor-widget-heading .elementor-heading-title[class*=elementor-size-]>a{color:inherit;font-size:inherit;line-height:inherit}.elementor-widget-heading .elementor-heading-title.elementor-size-small{font-size:15px}.elementor-widget-heading .elementor-heading-title.elementor-size-medium{font-size:19px}.elementor-widget-heading .elementor-heading-title.elementor-size-large{font-size:29px}.elementor-widget-heading .elementor-heading-title.elementor-size-xl{font-size:39px}.elementor-widget-heading .elementor-heading-title.elementor-size-xxl{font-size:59px}<\/style><p class=\"elementor-heading-title elementor-size-default\">Votre transformation commence ici. Bienvenue chez <\/p>\t\t<\/div>\n\t\t\t\t<\/div>\n\t\t\t\t<div class=\"elementor-element elementor-element-bc9d898 elementor-widget elementor-widget-heading\" data-id=\"bc9d898\" data-element_type=\"widget\" data-widget_type=\"heading.default\">\n\t\t\t\t<div class=\"elementor-widget-container\">\n\t\t\t<h2 class=\"elementor-heading-title elementor-size-default\">V-UP Solutions<\/h2>\t\t<\/div>\n\t\t\t\t<\/div>\n\t\t\t\t<div class=\"elementor-element elementor-element-6576593 elementor-align-center elementor-widget elementor-widget-ibutton\" data-id=\"6576593\" data-element_type=\"widget\" data-widget_type=\"ibutton.default\">\n\t\t\t\t<div class=\"elementor-widget-container\">\n\t\t\t\t\t<div class=\"ot-button\">\r\n\t\t\t<a href=\"https:\/\/v-up-solutions.com\/index.php\/contacts\/\" class=\"octf-btn octf-btn-primary\">Contactez nous<\/a>\r\n\t    <\/div>\r\n\t    \t\t<\/div>\n\t\t\t\t<\/div>\n\t\t\t\t\t<\/div>\n\t\t<\/div>\n\t\t\t\t\t<\/div>\n\t\t<\/section>\n\t\t\t\t<\/div>\n\t\t","protected":false},"excerpt":{"rendered":"<p>Gestion d\u2019Atelier &#038; Flux de Production : E\u2013WoRKSHoP Bienvenue dans l&#8217;avenir de la gestion d&#8217;atelier avec E-WoRKSHoP de V-UP Solutions, une r\u00e9volution digitale con\u00e7ue pour simplifier et optimiser chaque aspect de vos processus de production. Cette application innovante all\u00e8ge les charges administratives tout en apportant une efficacit\u00e9 in\u00e9gal\u00e9e \u00e0 la gestion d&#8217;atelier.E-WORKSHOP red\u00e9finit la gestion [&hellip;]<\/p>\n","protected":false},"author":1,"featured_media":0,"parent":0,"menu_order":0,"comment_status":"closed","ping_status":"closed","template":"","meta":{"footnotes":""},"_links":{"self":[{"href":"http:\/\/v-up-solutions.com\/index.php\/wp-json\/wp\/v2\/pages\/5286"}],"collection":[{"href":"http:\/\/v-up-solutions.com\/index.php\/wp-json\/wp\/v2\/pages"}],"about":[{"href":"http:\/\/v-up-solutions.com\/index.php\/wp-json\/wp\/v2\/types\/page"}],"author":[{"embeddable":true,"href":"http:\/\/v-up-solutions.com\/index.php\/wp-json\/wp\/v2\/users\/1"}],"replies":[{"embeddable":true,"href":"http:\/\/v-up-solutions.com\/index.php\/wp-json\/wp\/v2\/comments?post=5286"}],"version-history":[{"count":10,"href":"http:\/\/v-up-solutions.com\/index.php\/wp-json\/wp\/v2\/pages\/5286\/revisions"}],"predecessor-version":[{"id":5570,"href":"http:\/\/v-up-solutions.com\/index.php\/wp-json\/wp\/v2\/pages\/5286\/revisions\/5570"}],"wp:attachment":[{"href":"http:\/\/v-up-solutions.com\/index.php\/wp-json\/wp\/v2\/media?parent=5286"}],"curies":[{"name":"wp","href":"https:\/\/api.w.org\/{rel}","templated":true}]}}