{"id":5276,"date":"2024-02-27T10:31:35","date_gmt":"2024-02-27T10:31:35","guid":{"rendered":"https:\/\/v-up-solutions.com\/?page_id=5276"},"modified":"2024-04-15T09:32:13","modified_gmt":"2024-04-15T09:32:13","slug":"gestion-controle-de-qualite-produit-e-product-quality","status":"publish","type":"page","link":"http:\/\/v-up-solutions.com\/index.php\/gestion-controle-de-qualite-produit-e-product-quality\/","title":{"rendered":"Gestion &amp; Contr\u00f4le de Qualit\u00e9 Produit : E \u2013PRoDUCT QUALiTY"},"content":{"rendered":"\t\t<div data-elementor-type=\"wp-page\" data-elementor-id=\"5276\" class=\"elementor elementor-5276\">\n\t\t\t\t\t\t<section class=\"elementor-section elementor-top-section elementor-element elementor-element-0830db1 ot-traditional elementor-section-boxed elementor-section-height-default elementor-section-height-default\" data-id=\"0830db1\" data-element_type=\"section\">\n\t\t\t\t\t\t<div class=\"elementor-container elementor-column-gap-extended\">\n\t\t\t\t\t<div class=\"elementor-column elementor-col-50 elementor-top-column elementor-element elementor-element-b254caf ot-flex-column-vertical\" data-id=\"b254caf\" data-element_type=\"column\">\n\t\t\t<div class=\"elementor-widget-wrap elementor-element-populated\">\n\t\t\t\t\t\t<div class=\"elementor-element elementor-element-edfaf2a elementor-widget elementor-widget-iservice_box\" data-id=\"edfaf2a\" data-element_type=\"widget\" data-widget_type=\"iservice_box.default\">\n\t\t\t\t<div class=\"elementor-widget-container\">\n\t\t\t\r\n\t\t<div class=\"service-box s-box\">\r\n\t\t\t<span class=\"big-number\"><\/span>\r\n\t\t\t<div class=\"icon-main\">\r\n\t\t        \t\t\t    \t\t        <span class=\"flaticon-correct\"><\/span>\t        <\/div>\r\n\t        <div class=\"content-box\">\r\n\t            <h5>Gestion & Contr\u00f4le de Qualit\u00e9 Produit : <br>E \u2013PRoDUCT QUALiTY<\/h5>\r\n\t            <p><\/p>\r\n\t        <\/div>\r\n\t    <\/div>\r\n\r\n\t    \t\t<\/div>\n\t\t\t\t<\/div>\n\t\t\t\t<div class=\"elementor-element elementor-element-1956828 elementor-widget elementor-widget-text-editor\" data-id=\"1956828\" data-element_type=\"widget\" data-widget_type=\"text-editor.default\">\n\t\t\t\t<div class=\"elementor-widget-container\">\n\t\t\t<style>\/*! elementor - v3.20.0 - 10-04-2024 *\/\n.elementor-widget-text-editor.elementor-drop-cap-view-stacked .elementor-drop-cap{background-color:#69727d;color:#fff}.elementor-widget-text-editor.elementor-drop-cap-view-framed .elementor-drop-cap{color:#69727d;border:3px solid;background-color:transparent}.elementor-widget-text-editor:not(.elementor-drop-cap-view-default) .elementor-drop-cap{margin-top:8px}.elementor-widget-text-editor:not(.elementor-drop-cap-view-default) .elementor-drop-cap-letter{width:1em;height:1em}.elementor-widget-text-editor .elementor-drop-cap{float:left;text-align:center;line-height:1;font-size:50px}.elementor-widget-text-editor .elementor-drop-cap-letter{display:inline-block}<\/style>\t\t\t\t<p>Bienvenue dans le futur de la gestion de la qualit\u00e9 produit avec E-PRoDUCT QUALiTY, une cr\u00e9ation avant-gardiste de V-UP Solutions. Cette application digitale r\u00e9volutionne la mani\u00e8re dont vous abordez la qualit\u00e9 des produits, en offrant une approche int\u00e9gr\u00e9e de la collecte des non-conformit\u00e9s jusqu&#8217;\u00e0 l&#8217;\u00e9laboration de tableaux de bord complets. <br \/>E-PRoDUCT QUALiTY commence par mettre le pouvoir entre les mains des contr\u00f4leurs qualit\u00e9, permettant la collecte instantan\u00e9e des non-conformit\u00e9s produits. Les donn\u00e9es ainsi r\u00e9unies ne sont<br \/>pas simplement des points de donn\u00e9es isol\u00e9s, mais plut\u00f4t le point de d\u00e9part d&#8217;une analyse approfondie.<br \/>Au c\u0153ur de l&#8217;application, un puissant moteur de traitement et d&#8217;analyse transforme ces donn\u00e9es en statistiques de qualit\u00e9 percutantes. D&#8217;un simple coup d&#8217;\u0153il, visualisez les performances par produit, par ordre de fabrication et par p\u00e9rim\u00e8tre. Vous pouvez d\u00e9sormais identifier rapidement les tendances, d\u00e9celer les points faibles et r\u00e9agir de mani\u00e8re proactive pour traiter les non-conformit\u00e9s.<br \/>La communication instantan\u00e9e est l&#8217;une des forces majeures d&#8217;E-PRoDUCT QUALiTY. Les statistiques de qualit\u00e9 sont disponibles en temps r\u00e9el, permettant une r\u00e9activit\u00e9 sans pr\u00e9c\u00e9dent. Soyez inform\u00e9 instantan\u00e9ment des probl\u00e8mes potentiels, et agissez promptement pour maintenir des normes de qualit\u00e9 exceptionnelles.<br \/>Mais ce n&#8217;est pas tout \u2013 E-PRoDUCT QUALiTY est \u00e9galement votre architecte de tableaux de bord de qualit\u00e9. Concevez des tableaux de bord personnalis\u00e9s qui refl\u00e8tent les indicateurs qui comptent le plus pour votre entreprise. L&#8217;application vous donne les outils n\u00e9cessaires pour surveiller et am\u00e9liorer continuellement la qualit\u00e9, mettant ainsi la performance \u00e0 l&#8217;avant-plan de votre strat\u00e9gie.<br \/>Explorez une nouvelle \u00e8re o\u00f9 la qualit\u00e9 devient plus qu&#8217;un objectif, c&#8217;est une r\u00e9alit\u00e9 instantan\u00e9e.<br \/>Bienvenue chez V-UP Solutions, o\u00f9 E-PRoDUCT QUALiTY transforme chaque non-conformit\u00e9 en une opportunit\u00e9 d&#8217;am\u00e9lioration continue.<\/p>\t\t\t\t\t\t<\/div>\n\t\t\t\t<\/div>\n\t\t\t\t\t<\/div>\n\t\t<\/div>\n\t\t\t\t<div class=\"elementor-column elementor-col-50 elementor-top-column elementor-element elementor-element-048d2de ot-flex-column-vertical\" data-id=\"048d2de\" data-element_type=\"column\">\n\t\t\t<div class=\"elementor-widget-wrap elementor-element-populated\">\n\t\t\t\t\t\t<div class=\"elementor-element elementor-element-7f1dd6c elementor-widget elementor-widget-iservice_box\" data-id=\"7f1dd6c\" data-element_type=\"widget\" data-widget_type=\"iservice_box.default\">\n\t\t\t\t<div class=\"elementor-widget-container\">\n\t\t\t\r\n\t\t<div class=\"service-box s-box\">\r\n\t\t\t<span class=\"big-number\"><\/span>\r\n\t\t\t<div class=\"icon-main\">\r\n\t\t        \t\t\t    \t\t        <span class=\"flaticon-correct\"><\/span>\t        <\/div>\r\n\t        <div class=\"content-box\">\r\n\t            <h5>E-PRODUCT QUALiTY Permet de :<\/h5>\r\n\t            <p><\/p>\r\n\t        <\/div>\r\n\t    <\/div>\r\n\r\n\t    \t\t<\/div>\n\t\t\t\t<\/div>\n\t\t\t\t<div class=\"elementor-element elementor-element-48a1906 elementor-widget elementor-widget-text-editor\" data-id=\"48a1906\" data-element_type=\"widget\" data-widget_type=\"text-editor.default\">\n\t\t\t\t<div class=\"elementor-widget-container\">\n\t\t\t\t\t\t\t<p>\u2022 Collecter ou saisir les diff\u00e9rents types de non conformit\u00e9s g\u00e9n\u00e9r\u00e9es par la production d\u2019un poste de travail ou une ligne de production par une lecture code \u00e0 barre ou une saisie manuelle.<br \/>\u2022 Traiter la collecte des non conformit\u00e9s pour donner des statistiques qualit\u00e9 par p\u00e9rim\u00e8tre et instantan\u00e9es.<br \/>\u2022 Elaborer le tableau de bord qualit\u00e9.<\/p>\t\t\t\t\t\t<\/div>\n\t\t\t\t<\/div>\n\t\t\t\t\t<\/div>\n\t\t<\/div>\n\t\t\t\t\t<\/div>\n\t\t<\/section>\n\t\t\t\t<section class=\"elementor-section elementor-top-section elementor-element elementor-element-f9ee9aa ot-traditional elementor-section-boxed elementor-section-height-default elementor-section-height-default\" data-id=\"f9ee9aa\" data-element_type=\"section\" data-settings=\"{&quot;background_background&quot;:&quot;classic&quot;}\">\n\t\t\t\t\t\t<div class=\"elementor-container elementor-column-gap-default\">\n\t\t\t\t\t<div class=\"elementor-column elementor-col-100 elementor-top-column elementor-element elementor-element-3c652f0 ot-flex-column-vertical\" data-id=\"3c652f0\" data-element_type=\"column\">\n\t\t\t<div class=\"elementor-widget-wrap elementor-element-populated\">\n\t\t\t\t\t\t<div class=\"elementor-element elementor-element-44cf330 elementor-widget elementor-widget-heading\" data-id=\"44cf330\" data-element_type=\"widget\" data-widget_type=\"heading.default\">\n\t\t\t\t<div class=\"elementor-widget-container\">\n\t\t\t<style>\/*! elementor - v3.20.0 - 10-04-2024 *\/\n.elementor-heading-title{padding:0;margin:0;line-height:1}.elementor-widget-heading .elementor-heading-title[class*=elementor-size-]>a{color:inherit;font-size:inherit;line-height:inherit}.elementor-widget-heading .elementor-heading-title.elementor-size-small{font-size:15px}.elementor-widget-heading .elementor-heading-title.elementor-size-medium{font-size:19px}.elementor-widget-heading .elementor-heading-title.elementor-size-large{font-size:29px}.elementor-widget-heading .elementor-heading-title.elementor-size-xl{font-size:39px}.elementor-widget-heading .elementor-heading-title.elementor-size-xxl{font-size:59px}<\/style><p class=\"elementor-heading-title elementor-size-default\">Votre transformation commence ici. Bienvenue chez <\/p>\t\t<\/div>\n\t\t\t\t<\/div>\n\t\t\t\t<div class=\"elementor-element elementor-element-bc9d898 elementor-widget elementor-widget-heading\" data-id=\"bc9d898\" data-element_type=\"widget\" data-widget_type=\"heading.default\">\n\t\t\t\t<div class=\"elementor-widget-container\">\n\t\t\t<h2 class=\"elementor-heading-title elementor-size-default\">V-UP Solutions<\/h2>\t\t<\/div>\n\t\t\t\t<\/div>\n\t\t\t\t<div class=\"elementor-element elementor-element-6576593 elementor-align-center elementor-widget elementor-widget-ibutton\" data-id=\"6576593\" data-element_type=\"widget\" data-widget_type=\"ibutton.default\">\n\t\t\t\t<div class=\"elementor-widget-container\">\n\t\t\t\t\t<div class=\"ot-button\">\r\n\t\t\t<a href=\"https:\/\/v-up-solutions.com\/index.php\/contacts\/\" class=\"octf-btn octf-btn-primary\">Contactez nous<\/a>\r\n\t    <\/div>\r\n\t    \t\t<\/div>\n\t\t\t\t<\/div>\n\t\t\t\t\t<\/div>\n\t\t<\/div>\n\t\t\t\t\t<\/div>\n\t\t<\/section>\n\t\t\t\t<\/div>\n\t\t","protected":false},"excerpt":{"rendered":"<p>Gestion &#038; Contr\u00f4le de Qualit\u00e9 Produit : E \u2013PRoDUCT QUALiTY Bienvenue dans le futur de la gestion de la qualit\u00e9 produit avec E-PRoDUCT QUALiTY, une cr\u00e9ation avant-gardiste de V-UP Solutions. Cette application digitale r\u00e9volutionne la mani\u00e8re dont vous abordez la qualit\u00e9 des produits, en offrant une approche int\u00e9gr\u00e9e de la collecte des non-conformit\u00e9s jusqu&#8217;\u00e0 l&#8217;\u00e9laboration [&hellip;]<\/p>\n","protected":false},"author":1,"featured_media":0,"parent":0,"menu_order":0,"comment_status":"closed","ping_status":"closed","template":"","meta":{"footnotes":""},"_links":{"self":[{"href":"http:\/\/v-up-solutions.com\/index.php\/wp-json\/wp\/v2\/pages\/5276"}],"collection":[{"href":"http:\/\/v-up-solutions.com\/index.php\/wp-json\/wp\/v2\/pages"}],"about":[{"href":"http:\/\/v-up-solutions.com\/index.php\/wp-json\/wp\/v2\/types\/page"}],"author":[{"embeddable":true,"href":"http:\/\/v-up-solutions.com\/index.php\/wp-json\/wp\/v2\/users\/1"}],"replies":[{"embeddable":true,"href":"http:\/\/v-up-solutions.com\/index.php\/wp-json\/wp\/v2\/comments?post=5276"}],"version-history":[{"count":16,"href":"http:\/\/v-up-solutions.com\/index.php\/wp-json\/wp\/v2\/pages\/5276\/revisions"}],"predecessor-version":[{"id":5619,"href":"http:\/\/v-up-solutions.com\/index.php\/wp-json\/wp\/v2\/pages\/5276\/revisions\/5619"}],"wp:attachment":[{"href":"http:\/\/v-up-solutions.com\/index.php\/wp-json\/wp\/v2\/media?parent=5276"}],"curies":[{"name":"wp","href":"https:\/\/api.w.org\/{rel}","templated":true}]}}